{"id":2493,"date":"2020-01-09T08:15:41","date_gmt":"2020-01-09T07:15:41","guid":{"rendered":"https:\/\/restauranthotelduran.com\/gastronomic\/"},"modified":"2025-07-28T11:29:37","modified_gmt":"2025-07-28T09:29:37","slug":"gastronomic","status":"publish","type":"page","link":"https:\/\/restauranthotelduran.com\/ca\/menus\/gastronomic\/","title":{"rendered":"Gastron\u00f2mic"},"content":{"rendered":"\t\t<div data-elementor-type=\"wp-page\" data-elementor-id=\"2493\" class=\"elementor elementor-2493 elementor-1572\" data-elementor-post-type=\"page\">\n\t\t\t\t\t\t<section class=\"has_eae_slider elementor-section elementor-top-section elementor-element elementor-element-13c49f4b elementor-section-full_width elementor-section-height-min-height elementor-section-height-default elementor-section-items-middle\" data-eae-slider=\"63344\" data-id=\"13c49f4b\" data-element_type=\"section\" data-e-type=\"section\" data-settings=\"{&quot;background_background&quot;:&quot;classic&quot;}\">\n\t\t\t\t\t\t\t<div class=\"elementor-background-overlay\"><\/div>\n\t\t\t\t\t\t\t<div class=\"elementor-container elementor-column-gap-default\">\n\t\t\t\t\t<div class=\"has_eae_slider elementor-column elementor-col-100 elementor-top-column elementor-element elementor-element-237b3072\" data-eae-slider=\"51254\" data-id=\"237b3072\" data-element_type=\"column\" data-e-type=\"column\">\n\t\t\t<div class=\"elementor-widget-wrap elementor-element-populated\">\n\t\t\t\t\t\t<div class=\"elementor-element elementor-element-27a49a8e animated-slow elementor-invisible elementor-widget elementor-widget-heading\" data-id=\"27a49a8e\" data-element_type=\"widget\" data-e-type=\"widget\" data-settings=\"{&quot;_animation&quot;:&quot;fadeIn&quot;}\" data-widget_type=\"heading.default\">\n\t\t\t\t<div class=\"elementor-widget-container\">\n\t\t\t\t\t<h1 class=\"elementor-heading-title elementor-size-default\">Men\u00fa Gastron\u00f2mic<\/h1>\t\t\t\t<\/div>\n\t\t\t\t<\/div>\n\t\t\t\t\t<\/div>\n\t\t<\/div>\n\t\t\t\t\t<\/div>\n\t\t<\/section>\n\t\t\t\t<section class=\"has_eae_slider elementor-section elementor-top-section elementor-element elementor-element-f9fd65b elementor-section-boxed elementor-section-height-default elementor-section-height-default\" data-eae-slider=\"20418\" data-id=\"f9fd65b\" data-element_type=\"section\" data-e-type=\"section\" data-settings=\"{&quot;background_background&quot;:&quot;classic&quot;}\">\n\t\t\t\t\t\t<div class=\"elementor-container elementor-column-gap-default\">\n\t\t\t\t\t<div class=\"has_eae_slider elementor-column elementor-col-100 elementor-top-column elementor-element elementor-element-45419b5\" data-eae-slider=\"46992\" data-id=\"45419b5\" data-element_type=\"column\" data-e-type=\"column\">\n\t\t\t<div class=\"elementor-widget-wrap\">\n\t\t\t\t\t\t\t<\/div>\n\t\t<\/div>\n\t\t\t\t\t<\/div>\n\t\t<\/section>\n\t\t\t\t<section class=\"has_eae_slider elementor-section elementor-top-section elementor-element elementor-element-045f4ae elementor-section-boxed elementor-section-height-default elementor-section-height-default\" data-eae-slider=\"67515\" data-id=\"045f4ae\" data-element_type=\"section\" data-e-type=\"section\">\n\t\t\t\t\t\t<div class=\"elementor-container elementor-column-gap-default\">\n\t\t\t\t\t<div class=\"has_eae_slider elementor-column elementor-col-100 elementor-top-column elementor-element elementor-element-efcb24a\" data-eae-slider=\"49268\" data-id=\"efcb24a\" data-element_type=\"column\" data-e-type=\"column\">\n\t\t\t<div class=\"elementor-widget-wrap elementor-element-populated\">\n\t\t\t\t\t\t<section class=\"has_eae_slider elementor-section elementor-inner-section elementor-element elementor-element-5867037 elementor-reverse-mobile elementor-section-boxed elementor-section-height-default elementor-section-height-default\" data-eae-slider=\"9521\" data-id=\"5867037\" data-element_type=\"section\" data-e-type=\"section\">\n\t\t\t\t\t\t<div class=\"elementor-container elementor-column-gap-default\">\n\t\t\t\t\t<div class=\"has_eae_slider elementor-column elementor-col-50 elementor-inner-column elementor-element elementor-element-3d0044e\" data-eae-slider=\"92319\" data-id=\"3d0044e\" data-element_type=\"column\" data-e-type=\"column\">\n\t\t\t<div class=\"elementor-widget-wrap elementor-element-populated\">\n\t\t\t\t\t\t<div class=\"elementor-element elementor-element-2d961e1 elementor-widget elementor-widget-gallery\" data-id=\"2d961e1\" data-element_type=\"widget\" data-e-type=\"widget\" data-settings=\"{&quot;gallery_layout&quot;:&quot;masonry&quot;,&quot;columns&quot;:2,&quot;lazyload&quot;:&quot;yes&quot;,&quot;columns_tablet&quot;:2,&quot;columns_mobile&quot;:1,&quot;gap&quot;:{&quot;unit&quot;:&quot;px&quot;,&quot;size&quot;:10,&quot;sizes&quot;:[]},&quot;gap_tablet&quot;:{&quot;unit&quot;:&quot;px&quot;,&quot;size&quot;:10,&quot;sizes&quot;:[]},&quot;gap_mobile&quot;:{&quot;unit&quot;:&quot;px&quot;,&quot;size&quot;:10,&quot;sizes&quot;:[]},&quot;link_to&quot;:&quot;file&quot;,&quot;overlay_background&quot;:&quot;yes&quot;,&quot;content_hover_animation&quot;:&quot;fade-in&quot;}\" data-widget_type=\"gallery.default\">\n\t\t\t\t<div class=\"elementor-widget-container\">\n\t\t\t\t\t\t\t<div class=\"elementor-gallery__container\">\n\t\t\t\t\t\t\t<a class=\"e-gallery-item elementor-gallery-item elementor-animated-content\" href=\"https:\/\/restauranthotelduran.com\/wp-content\/uploads\/2025\/04\/DSC07851-1-scaled.jpg\" data-elementor-open-lightbox=\"yes\" data-elementor-lightbox-slideshow=\"2d961e1\" data-elementor-lightbox-title=\"DSC07851\" data-e-action-hash=\"#elementor-action%3Aaction%3Dlightbox%26settings%3DeyJpZCI6MTM5NzcsInVybCI6Imh0dHBzOlwvXC9yZXN0YXVyYW50aG90ZWxkdXJhbi5jb21cL3dwLWNvbnRlbnRcL3VwbG9hZHNcLzIwMjVcLzA0XC9EU0MwNzg1MS0xLXNjYWxlZC5qcGciLCJzbGlkZXNob3ciOiIyZDk2MWUxIn0%3D\">\n\t\t\t\t\t<div class=\"e-gallery-image elementor-gallery-item__image\" data-thumbnail=\"https:\/\/restauranthotelduran.com\/wp-content\/uploads\/2025\/04\/DSC07851-1-1024x1024.jpg\" data-width=\"1024\" data-height=\"1024\" aria-label=\"\" role=\"img\" ><\/div>\n\t\t\t\t\t\t\t\t\t\t\t<div class=\"elementor-gallery-item__overlay\"><\/div>\n\t\t\t\t\t\t\t\t\t\t\t\t\t\t<\/a>\n\t\t\t\t\t\t\t<a class=\"e-gallery-item elementor-gallery-item elementor-animated-content\" href=\"https:\/\/restauranthotelduran.com\/wp-content\/uploads\/2025\/04\/RLB02925-scaled.jpg\" data-elementor-open-lightbox=\"yes\" data-elementor-lightbox-slideshow=\"2d961e1\" data-elementor-lightbox-title=\"RLB02925\" data-e-action-hash=\"#elementor-action%3Aaction%3Dlightbox%26settings%3DeyJpZCI6MTM5NzMsInVybCI6Imh0dHBzOlwvXC9yZXN0YXVyYW50aG90ZWxkdXJhbi5jb21cL3dwLWNvbnRlbnRcL3VwbG9hZHNcLzIwMjVcLzA0XC9STEIwMjkyNS1zY2FsZWQuanBnIiwic2xpZGVzaG93IjoiMmQ5NjFlMSJ9\">\n\t\t\t\t\t<div class=\"e-gallery-image elementor-gallery-item__image\" data-thumbnail=\"https:\/\/restauranthotelduran.com\/wp-content\/uploads\/2025\/04\/RLB02925-1024x1024.jpg\" data-width=\"1024\" data-height=\"1024\" aria-label=\"\" role=\"img\" ><\/div>\n\t\t\t\t\t\t\t\t\t\t\t<div class=\"elementor-gallery-item__overlay\"><\/div>\n\t\t\t\t\t\t\t\t\t\t\t\t\t\t<\/a>\n\t\t\t\t\t\t\t<a class=\"e-gallery-item elementor-gallery-item elementor-animated-content\" href=\"https:\/\/restauranthotelduran.com\/wp-content\/uploads\/2025\/04\/RLB08615-scaled.jpg\" data-elementor-open-lightbox=\"yes\" data-elementor-lightbox-slideshow=\"2d961e1\" data-elementor-lightbox-title=\"RLB08615\" data-e-action-hash=\"#elementor-action%3Aaction%3Dlightbox%26settings%3DeyJpZCI6MTM5NzQsInVybCI6Imh0dHBzOlwvXC9yZXN0YXVyYW50aG90ZWxkdXJhbi5jb21cL3dwLWNvbnRlbnRcL3VwbG9hZHNcLzIwMjVcLzA0XC9STEIwODYxNS1zY2FsZWQuanBnIiwic2xpZGVzaG93IjoiMmQ5NjFlMSJ9\">\n\t\t\t\t\t<div class=\"e-gallery-image elementor-gallery-item__image\" data-thumbnail=\"https:\/\/restauranthotelduran.com\/wp-content\/uploads\/2025\/04\/RLB08615-1024x1024.jpg\" data-width=\"1024\" data-height=\"1024\" aria-label=\"\" role=\"img\" ><\/div>\n\t\t\t\t\t\t\t\t\t\t\t<div class=\"elementor-gallery-item__overlay\"><\/div>\n\t\t\t\t\t\t\t\t\t\t\t\t\t\t<\/a>\n\t\t\t\t\t\t\t<a class=\"e-gallery-item elementor-gallery-item elementor-animated-content\" href=\"https:\/\/restauranthotelduran.com\/wp-content\/uploads\/2025\/04\/DSC01040-scaled.jpg\" data-elementor-open-lightbox=\"yes\" data-elementor-lightbox-slideshow=\"2d961e1\" data-elementor-lightbox-title=\"DSC01040\" data-e-action-hash=\"#elementor-action%3Aaction%3Dlightbox%26settings%3DeyJpZCI6MTM5NzIsInVybCI6Imh0dHBzOlwvXC9yZXN0YXVyYW50aG90ZWxkdXJhbi5jb21cL3dwLWNvbnRlbnRcL3VwbG9hZHNcLzIwMjVcLzA0XC9EU0MwMTA0MC1zY2FsZWQuanBnIiwic2xpZGVzaG93IjoiMmQ5NjFlMSJ9\">\n\t\t\t\t\t<div class=\"e-gallery-image elementor-gallery-item__image\" data-thumbnail=\"https:\/\/restauranthotelduran.com\/wp-content\/uploads\/2025\/04\/DSC01040-1024x1024.jpg\" data-width=\"1024\" data-height=\"1024\" aria-label=\"\" role=\"img\" ><\/div>\n\t\t\t\t\t\t\t\t\t\t\t<div class=\"elementor-gallery-item__overlay\"><\/div>\n\t\t\t\t\t\t\t\t\t\t\t\t\t\t<\/a>\n\t\t\t\t\t<\/div>\n\t\t\t\t\t<\/div>\n\t\t\t\t<\/div>\n\t\t\t\t\t<\/div>\n\t\t<\/div>\n\t\t\t\t<div class=\"has_eae_slider elementor-column elementor-col-50 elementor-inner-column elementor-element elementor-element-31b1f9f\" data-eae-slider=\"56176\" data-id=\"31b1f9f\" data-element_type=\"column\" data-e-type=\"column\">\n\t\t\t<div class=\"elementor-widget-wrap elementor-element-populated\">\n\t\t\t\t\t\t<div class=\"elementor-element elementor-element-c76a50f elementor-widget elementor-widget-text-editor\" data-id=\"c76a50f\" data-element_type=\"widget\" data-e-type=\"widget\" data-widget_type=\"text-editor.default\">\n\t\t\t\t<div class=\"elementor-widget-container\">\n\t\t\t\t\t\t\t\t\t<h2><strong>L&#8217;aperitiu<\/strong><\/h2><p>Carpaccio de ceps i gamba vermella amb oli de t\u00f2fona<\/p>\t\t\t\t\t\t\t\t<\/div>\n\t\t\t\t<\/div>\n\t\t\t\t<div class=\"elementor-element elementor-element-2db9794 elementor-widget elementor-widget-text-editor\" data-id=\"2db9794\" data-element_type=\"widget\" data-e-type=\"widget\" data-widget_type=\"text-editor.default\">\n\t\t\t\t<div class=\"elementor-widget-container\">\n\t\t\t\t\t\t\t\t\t<h2><strong>L&#8217;entrant<\/strong><\/h2><p>Tartare de salm\u00f3 marinat amb crema d\u2019alvocat i perles de mango i gerds<\/p>\t\t\t\t\t\t\t\t<\/div>\n\t\t\t\t<\/div>\n\t\t\t\t<div class=\"elementor-element elementor-element-16bd181 elementor-widget elementor-widget-text-editor\" data-id=\"16bd181\" data-element_type=\"widget\" data-e-type=\"widget\" data-widget_type=\"text-editor.default\">\n\t\t\t\t<div class=\"elementor-widget-container\">\n\t\t\t\t\t\t\t\t\t<h2><strong>El peix<\/strong><\/h2><p>Llenguado a la taronja amb la seva ravioli de gamba<\/p>\t\t\t\t\t\t\t\t<\/div>\n\t\t\t\t<\/div>\n\t\t\t\t<div class=\"elementor-element elementor-element-ce1155e elementor-widget elementor-widget-text-editor\" data-id=\"ce1155e\" data-element_type=\"widget\" data-e-type=\"widget\" data-widget_type=\"text-editor.default\">\n\t\t\t\t<div class=\"elementor-widget-container\">\n\t\t\t\t\t\t\t\t\t<h2><strong>La carn<\/strong><\/h2><p>Filet de vedella de Girona amb salsa de t\u00f2fona i foie<\/p>\t\t\t\t\t\t\t\t<\/div>\n\t\t\t\t<\/div>\n\t\t\t\t<div class=\"elementor-element elementor-element-9189e1f elementor-widget elementor-widget-text-editor\" data-id=\"9189e1f\" data-element_type=\"widget\" data-e-type=\"widget\" data-widget_type=\"text-editor.default\">\n\t\t\t\t<div class=\"elementor-widget-container\">\n\t\t\t\t\t\t\t\t\t<h2><strong>El postre<\/strong><\/h2><p>Cr\u00eappes Suzette<\/p>\t\t\t\t\t\t\t\t<\/div>\n\t\t\t\t<\/div>\n\t\t\t\t<div class=\"elementor-element elementor-element-a18c22f elementor-widget elementor-widget-text-editor\" data-id=\"a18c22f\" data-element_type=\"widget\" data-e-type=\"widget\" data-widget_type=\"text-editor.default\">\n\t\t\t\t<div class=\"elementor-widget-container\">\n\t\t\t\t\t\t\t\t\t<h4><span style=\"font-family: inherit; font-size: inherit; font-style: inherit; font-weight: inherit;\"> <\/span><\/h4><h4><span style=\"font-family: inherit; font-size: inherit; font-style: inherit; font-weight: inherit;\">80\u20ac<\/span><\/h4><h4>Amb maridatge de vi: 102\u20ac<\/h4><div>&#8230;<\/div><div> <\/div><div><p><span style=\"color: #525252; font-size: 19.2px; white-space-collapse: preserve;\">IVA incl\u00f2s<\/span><\/p><\/div><div><span style=\"color: #525252; font-size: 19.2px; white-space-collapse: preserve;\"> <\/span><span style=\"color: #525252;\"><span style=\"font-size: 19.2px; white-space-collapse: preserve;\">Cal reservar amb antelaci\u00f3:<\/span><\/span><br><a href=\"https:\/\/restauranthotelduran.com\/ca\/reserva-la-teva-taula\/\"><span style=\"color: #525252;\"><span style=\"font-size: 19.2px; white-space-collapse: preserve;\">Reservar<\/span><\/span><\/a><br><span style=\"color: #525252;\"><span style=\"font-size: 19.2px; white-space-collapse: preserve;\">972 50 12 50<\/span><\/span><\/div>\t\t\t\t\t\t\t\t<\/div>\n\t\t\t\t<\/div>\n\t\t\t\t\t<\/div>\n\t\t<\/div>\n\t\t\t\t\t<\/div>\n\t\t<\/section>\n\t\t\t\t\t<\/div>\n\t\t<\/div>\n\t\t\t\t\t<\/div>\n\t\t<\/section>\n\t\t\t\t<\/div>\n\t\t","protected":false},"excerpt":{"rendered":"<p>L&#8217;aperitiu Carpaccio de ceps i gamba vermella amb oli de t\u00f2fona L&#8217;entrant Tartare de salm\u00f3 marinat amb crema d\u2019alvocat i perles de mango i gerds El peix Llenguado a la &#8230; <\/p>\n<p class=\"read-more-container\"><a title=\"Gastron\u00f2mic\" class=\"read-more button\" href=\"https:\/\/restauranthotelduran.com\/ca\/menus\/gastronomic\/#more-2493\" aria-label=\"M\u00e9s informaci\u00f3 sobre Gastron\u00f2mic\">Seguir leyendo<\/a><\/p>\n","protected":false},"author":1,"featured_media":0,"parent":11336,"menu_order":0,"comment_status":"closed","ping_status":"closed","template":"page-templates\/carta-y-menu.php","meta":{"footnotes":""},"class_list":{"0":"post-2493","1":"page","2":"type-page","3":"status-publish","5":"infinite-scroll-item"},"yoast_head":"<!-- This site is optimized with the Yoast SEO plugin v27.3 - https:\/\/yoast.com\/product\/yoast-seo-wordpress\/ -->\n<title>Men\u00fa Gastron\u00f2mic a Figueres - Restaurant Hotel Duran<\/title>\n<meta name=\"description\" content=\"Gaudeix del nostre men\u00fa gastron\u00f2mic a Figueres amb un preu assequible, ideal per a parelles. Menja b\u00e9 a l&#039;Alt Empord\u00e0.\" \/>\n<meta name=\"robots\" content=\"index, follow, max-snippet:-1, max-image-preview:large, max-video-preview:-1\" \/>\n<link rel=\"canonical\" href=\"https:\/\/restauranthotelduran.com\/ca\/menus\/gastronomic\/\" \/>\n<meta property=\"og:locale\" content=\"ca_ES\" \/>\n<meta property=\"og:type\" content=\"article\" \/>\n<meta property=\"og:title\" content=\"Men\u00fa Gastron\u00f2mic a Figueres - Restaurant Hotel Duran\" \/>\n<meta property=\"og:description\" content=\"Gaudeix del nostre men\u00fa gastron\u00f2mic a Figueres amb un preu assequible, ideal per a parelles. Menja b\u00e9 a l&#039;Alt Empord\u00e0.\" \/>\n<meta property=\"og:url\" content=\"https:\/\/restauranthotelduran.com\/ca\/menus\/gastronomic\/\" \/>\n<meta property=\"og:site_name\" content=\"Restaurant Hotel Duran\" \/>\n<meta property=\"article:modified_time\" content=\"2025-07-28T09:29:37+00:00\" \/>\n<meta name=\"twitter:card\" content=\"summary_large_image\" \/>\n<script type=\"application\/ld+json\" class=\"yoast-schema-graph\">{\"@context\":\"https:\\\/\\\/schema.org\",\"@graph\":[{\"@type\":\"WebPage\",\"@id\":\"https:\\\/\\\/restauranthotelduran.com\\\/ca\\\/menus\\\/gastronomic\\\/\",\"url\":\"https:\\\/\\\/restauranthotelduran.com\\\/ca\\\/menus\\\/gastronomic\\\/\",\"name\":\"Men\u00fa Gastron\u00f2mic a Figueres - Restaurant Hotel Duran\",\"isPartOf\":{\"@id\":\"https:\\\/\\\/restauranthotelduran.com\\\/ca\\\/#website\"},\"datePublished\":\"2020-01-09T07:15:41+00:00\",\"dateModified\":\"2025-07-28T09:29:37+00:00\",\"description\":\"Gaudeix del nostre men\u00fa gastron\u00f2mic a Figueres amb un preu assequible, ideal per a parelles. Menja b\u00e9 a l'Alt Empord\u00e0.\",\"breadcrumb\":{\"@id\":\"https:\\\/\\\/restauranthotelduran.com\\\/ca\\\/menus\\\/gastronomic\\\/#breadcrumb\"},\"inLanguage\":\"ca\",\"potentialAction\":[{\"@type\":\"ReadAction\",\"target\":[\"https:\\\/\\\/restauranthotelduran.com\\\/ca\\\/menus\\\/gastronomic\\\/\"]}]},{\"@type\":\"BreadcrumbList\",\"@id\":\"https:\\\/\\\/restauranthotelduran.com\\\/ca\\\/menus\\\/gastronomic\\\/#breadcrumb\",\"itemListElement\":[{\"@type\":\"ListItem\",\"position\":1,\"name\":\"Portada\",\"item\":\"https:\\\/\\\/restauranthotelduran.com\\\/ca\\\/\"},{\"@type\":\"ListItem\",\"position\":2,\"name\":\"Men\u00fas\",\"item\":\"https:\\\/\\\/restauranthotelduran.com\\\/ca\\\/menus\\\/\"},{\"@type\":\"ListItem\",\"position\":3,\"name\":\"Gastron\u00f2mic\"}]},{\"@type\":\"WebSite\",\"@id\":\"https:\\\/\\\/restauranthotelduran.com\\\/ca\\\/#website\",\"url\":\"https:\\\/\\\/restauranthotelduran.com\\\/ca\\\/\",\"name\":\"Restaurant Hotel Duran\",\"description\":\"Restauran Hotel Duran a Figueres\",\"publisher\":{\"@id\":\"https:\\\/\\\/restauranthotelduran.com\\\/ca\\\/#organization\"},\"potentialAction\":[{\"@type\":\"SearchAction\",\"target\":{\"@type\":\"EntryPoint\",\"urlTemplate\":\"https:\\\/\\\/restauranthotelduran.com\\\/ca\\\/?s={search_term_string}\"},\"query-input\":{\"@type\":\"PropertyValueSpecification\",\"valueRequired\":true,\"valueName\":\"search_term_string\"}}],\"inLanguage\":\"ca\"},{\"@type\":\"Organization\",\"@id\":\"https:\\\/\\\/restauranthotelduran.com\\\/ca\\\/#organization\",\"name\":\"Restaurant Hotel Duran\",\"url\":\"https:\\\/\\\/restauranthotelduran.com\\\/ca\\\/\",\"logo\":{\"@type\":\"ImageObject\",\"inLanguage\":\"ca\",\"@id\":\"https:\\\/\\\/restauranthotelduran.com\\\/ca\\\/#\\\/schema\\\/logo\\\/image\\\/\",\"url\":\"https:\\\/\\\/restauranthotelduran.com\\\/wp-content\\\/uploads\\\/2024\\\/09\\\/logo_duran_menu.png\",\"contentUrl\":\"https:\\\/\\\/restauranthotelduran.com\\\/wp-content\\\/uploads\\\/2024\\\/09\\\/logo_duran_menu.png\",\"width\":652,\"height\":306,\"caption\":\"Restaurant Hotel Duran\"},\"image\":{\"@id\":\"https:\\\/\\\/restauranthotelduran.com\\\/ca\\\/#\\\/schema\\\/logo\\\/image\\\/\"}}]}<\/script>\n<!-- \/ Yoast SEO plugin. -->","yoast_head_json":{"title":"Men\u00fa Gastron\u00f2mic a Figueres - Restaurant Hotel Duran","description":"Gaudeix del nostre men\u00fa gastron\u00f2mic a Figueres amb un preu assequible, ideal per a parelles. Menja b\u00e9 a l'Alt Empord\u00e0.","robots":{"index":"index","follow":"follow","max-snippet":"max-snippet:-1","max-image-preview":"max-image-preview:large","max-video-preview":"max-video-preview:-1"},"canonical":"https:\/\/restauranthotelduran.com\/ca\/menus\/gastronomic\/","og_locale":"ca_ES","og_type":"article","og_title":"Men\u00fa Gastron\u00f2mic a Figueres - Restaurant Hotel Duran","og_description":"Gaudeix del nostre men\u00fa gastron\u00f2mic a Figueres amb un preu assequible, ideal per a parelles. Menja b\u00e9 a l'Alt Empord\u00e0.","og_url":"https:\/\/restauranthotelduran.com\/ca\/menus\/gastronomic\/","og_site_name":"Restaurant Hotel Duran","article_modified_time":"2025-07-28T09:29:37+00:00","twitter_card":"summary_large_image","schema":{"@context":"https:\/\/schema.org","@graph":[{"@type":"WebPage","@id":"https:\/\/restauranthotelduran.com\/ca\/menus\/gastronomic\/","url":"https:\/\/restauranthotelduran.com\/ca\/menus\/gastronomic\/","name":"Men\u00fa Gastron\u00f2mic a Figueres - Restaurant Hotel Duran","isPartOf":{"@id":"https:\/\/restauranthotelduran.com\/ca\/#website"},"datePublished":"2020-01-09T07:15:41+00:00","dateModified":"2025-07-28T09:29:37+00:00","description":"Gaudeix del nostre men\u00fa gastron\u00f2mic a Figueres amb un preu assequible, ideal per a parelles. Menja b\u00e9 a l'Alt Empord\u00e0.","breadcrumb":{"@id":"https:\/\/restauranthotelduran.com\/ca\/menus\/gastronomic\/#breadcrumb"},"inLanguage":"ca","potentialAction":[{"@type":"ReadAction","target":["https:\/\/restauranthotelduran.com\/ca\/menus\/gastronomic\/"]}]},{"@type":"BreadcrumbList","@id":"https:\/\/restauranthotelduran.com\/ca\/menus\/gastronomic\/#breadcrumb","itemListElement":[{"@type":"ListItem","position":1,"name":"Portada","item":"https:\/\/restauranthotelduran.com\/ca\/"},{"@type":"ListItem","position":2,"name":"Men\u00fas","item":"https:\/\/restauranthotelduran.com\/ca\/menus\/"},{"@type":"ListItem","position":3,"name":"Gastron\u00f2mic"}]},{"@type":"WebSite","@id":"https:\/\/restauranthotelduran.com\/ca\/#website","url":"https:\/\/restauranthotelduran.com\/ca\/","name":"Restaurant Hotel Duran","description":"Restauran Hotel Duran a Figueres","publisher":{"@id":"https:\/\/restauranthotelduran.com\/ca\/#organization"},"potentialAction":[{"@type":"SearchAction","target":{"@type":"EntryPoint","urlTemplate":"https:\/\/restauranthotelduran.com\/ca\/?s={search_term_string}"},"query-input":{"@type":"PropertyValueSpecification","valueRequired":true,"valueName":"search_term_string"}}],"inLanguage":"ca"},{"@type":"Organization","@id":"https:\/\/restauranthotelduran.com\/ca\/#organization","name":"Restaurant Hotel Duran","url":"https:\/\/restauranthotelduran.com\/ca\/","logo":{"@type":"ImageObject","inLanguage":"ca","@id":"https:\/\/restauranthotelduran.com\/ca\/#\/schema\/logo\/image\/","url":"https:\/\/restauranthotelduran.com\/wp-content\/uploads\/2024\/09\/logo_duran_menu.png","contentUrl":"https:\/\/restauranthotelduran.com\/wp-content\/uploads\/2024\/09\/logo_duran_menu.png","width":652,"height":306,"caption":"Restaurant Hotel Duran"},"image":{"@id":"https:\/\/restauranthotelduran.com\/ca\/#\/schema\/logo\/image\/"}}]}},"_hostinger_reach_plugin_has_subscription_block":false,"_hostinger_reach_plugin_is_elementor":false,"_links":{"self":[{"href":"https:\/\/restauranthotelduran.com\/ca\/wp-json\/wp\/v2\/pages\/2493","targetHints":{"allow":["GET"]}}],"collection":[{"href":"https:\/\/restauranthotelduran.com\/ca\/wp-json\/wp\/v2\/pages"}],"about":[{"href":"https:\/\/restauranthotelduran.com\/ca\/wp-json\/wp\/v2\/types\/page"}],"author":[{"embeddable":true,"href":"https:\/\/restauranthotelduran.com\/ca\/wp-json\/wp\/v2\/users\/1"}],"replies":[{"embeddable":true,"href":"https:\/\/restauranthotelduran.com\/ca\/wp-json\/wp\/v2\/comments?post=2493"}],"version-history":[{"count":8,"href":"https:\/\/restauranthotelduran.com\/ca\/wp-json\/wp\/v2\/pages\/2493\/revisions"}],"predecessor-version":[{"id":14358,"href":"https:\/\/restauranthotelduran.com\/ca\/wp-json\/wp\/v2\/pages\/2493\/revisions\/14358"}],"up":[{"embeddable":true,"href":"https:\/\/restauranthotelduran.com\/ca\/wp-json\/wp\/v2\/pages\/11336"}],"wp:attachment":[{"href":"https:\/\/restauranthotelduran.com\/ca\/wp-json\/wp\/v2\/media?parent=2493"}],"curies":[{"name":"wp","href":"https:\/\/api.w.org\/{rel}","templated":true}]}}