{"id":6351,"date":"2024-10-29T15:42:37","date_gmt":"2024-10-29T14:42:37","guid":{"rendered":"https:\/\/restauranthotelduran.com\/menu-de-cap-dany\/"},"modified":"2025-12-12T12:14:14","modified_gmt":"2025-12-12T11:14:14","slug":"menu-de-cap-dany","status":"publish","type":"page","link":"https:\/\/restauranthotelduran.com\/ca\/menus\/menu-de-cap-dany\/","title":{"rendered":"Men\u00fa de Cap d&#8217;Any"},"content":{"rendered":"\t\t<div data-elementor-type=\"wp-page\" data-elementor-id=\"6351\" class=\"elementor elementor-6351 elementor-6336\" data-elementor-post-type=\"page\">\n\t\t\t\t\t\t<section class=\"has_eae_slider elementor-section elementor-top-section elementor-element elementor-element-7584202 elementor-section-full_width elementor-section-height-min-height elementor-section-items-top elementor-section-height-default\" data-eae-slider=\"12965\" data-id=\"7584202\" data-element_type=\"section\" data-e-type=\"section\" data-settings=\"{&quot;background_background&quot;:&quot;classic&quot;}\">\n\t\t\t\t\t\t<div class=\"elementor-container elementor-column-gap-default\">\n\t\t\t\t\t<div class=\"has_eae_slider elementor-column elementor-col-100 elementor-top-column elementor-element elementor-element-5ec9cc6\" data-eae-slider=\"45580\" data-id=\"5ec9cc6\" data-element_type=\"column\" data-e-type=\"column\">\n\t\t\t<div class=\"elementor-widget-wrap elementor-element-populated\">\n\t\t\t\t\t\t<div class=\"elementor-element elementor-element-b9ba5d2 elementor-widget elementor-widget-heading\" data-id=\"b9ba5d2\" data-element_type=\"widget\" data-e-type=\"widget\" data-widget_type=\"heading.default\">\n\t\t\t\t<div class=\"elementor-widget-container\">\n\t\t\t\t\t<h2 class=\"elementor-heading-title elementor-size-default\">Men\u00fa de Cap d'Any 2025<\/h2>\t\t\t\t<\/div>\n\t\t\t\t<\/div>\n\t\t\t\t\t<\/div>\n\t\t<\/div>\n\t\t\t\t\t<\/div>\n\t\t<\/section>\n\t\t\t\t<section class=\"has_eae_slider elementor-section elementor-top-section elementor-element elementor-element-045f4ae elementor-section-boxed elementor-section-height-default elementor-section-height-default\" data-eae-slider=\"26168\" data-id=\"045f4ae\" data-element_type=\"section\" data-e-type=\"section\">\n\t\t\t\t\t\t<div class=\"elementor-container elementor-column-gap-default\">\n\t\t\t\t\t<div class=\"has_eae_slider elementor-column elementor-col-100 elementor-top-column elementor-element elementor-element-9ea4442\" data-eae-slider=\"20544\" data-id=\"9ea4442\" data-element_type=\"column\" data-e-type=\"column\">\n\t\t\t<div class=\"elementor-widget-wrap elementor-element-populated\">\n\t\t\t\t\t\t<div class=\"elementor-element elementor-element-3688bd7 elementor-widget elementor-widget-heading\" data-id=\"3688bd7\" data-element_type=\"widget\" data-e-type=\"widget\" data-widget_type=\"heading.default\">\n\t\t\t\t<div class=\"elementor-widget-container\">\n\t\t\t\t\t<span class=\"elementor-heading-title elementor-size-default\">L'aperitiu<\/span>\t\t\t\t<\/div>\n\t\t\t\t<\/div>\n\t\t\t\t<div class=\"elementor-element elementor-element-9655859 elementor-widget elementor-widget-text-editor\" data-id=\"9655859\" data-element_type=\"widget\" data-e-type=\"widget\" data-widget_type=\"text-editor.default\">\n\t\t\t\t<div class=\"elementor-widget-container\">\n\t\t\t\t\t\t\t\t\t<p>Encenalls d&#8217;ib\u00e8ric amb coca de vidre<\/p><p>T\u00e0rtar de gamba vermella i caviar de salm\u00f3<\/p><p>Milfulles de patata trufada<\/p>\t\t\t\t\t\t\t\t<\/div>\n\t\t\t\t<\/div>\n\t\t\t\t<div class=\"elementor-element elementor-element-5a2735b elementor-widget elementor-widget-heading\" data-id=\"5a2735b\" data-element_type=\"widget\" data-e-type=\"widget\" data-widget_type=\"heading.default\">\n\t\t\t\t<div class=\"elementor-widget-container\">\n\t\t\t\t\t<span class=\"elementor-heading-title elementor-size-default\">L'entrant<\/span>\t\t\t\t<\/div>\n\t\t\t\t<\/div>\n\t\t\t\t<div class=\"elementor-element elementor-element-b06ad68 elementor-widget elementor-widget-text-editor\" data-id=\"b06ad68\" data-element_type=\"widget\" data-e-type=\"widget\" data-widget_type=\"text-editor.default\">\n\t\t\t\t<div class=\"elementor-widget-container\">\n\t\t\t\t\t\t\t\t\t<p>Bavaresa de Llagosta a la Royal amb el seu corall<\/p>\t\t\t\t\t\t\t\t<\/div>\n\t\t\t\t<\/div>\n\t\t\t\t<div class=\"elementor-element elementor-element-a82359a elementor-widget elementor-widget-heading\" data-id=\"a82359a\" data-element_type=\"widget\" data-e-type=\"widget\" data-widget_type=\"heading.default\">\n\t\t\t\t<div class=\"elementor-widget-container\">\n\t\t\t\t\t<span class=\"elementor-heading-title elementor-size-default\">El peix<\/span>\t\t\t\t<\/div>\n\t\t\t\t<\/div>\n\t\t\t\t<div class=\"elementor-element elementor-element-1a648b3 elementor-widget elementor-widget-text-editor\" data-id=\"1a648b3\" data-element_type=\"widget\" data-e-type=\"widget\" data-widget_type=\"text-editor.default\">\n\t\t\t\t<div class=\"elementor-widget-container\">\n\t\t\t\t\t\t\t\t\t<p>Turnedo de llenguado amb crem\u00f3s de safr\u00e0 i cava<\/p>\t\t\t\t\t\t\t\t<\/div>\n\t\t\t\t<\/div>\n\t\t\t\t<div class=\"elementor-element elementor-element-115b79a elementor-widget elementor-widget-heading\" data-id=\"115b79a\" data-element_type=\"widget\" data-e-type=\"widget\" data-widget_type=\"heading.default\">\n\t\t\t\t<div class=\"elementor-widget-container\">\n\t\t\t\t\t<span class=\"elementor-heading-title elementor-size-default\">La carn<\/span>\t\t\t\t<\/div>\n\t\t\t\t<\/div>\n\t\t\t\t<div class=\"elementor-element elementor-element-3fbf892 elementor-widget elementor-widget-text-editor\" data-id=\"3fbf892\" data-element_type=\"widget\" data-e-type=\"widget\" data-widget_type=\"text-editor.default\">\n\t\t\t\t<div class=\"elementor-widget-container\">\n\t\t\t\t\t\t\t\t\t<p>Filet de vedella de Girona amb foie-gras amb reduccio de garnatxa<\/p>\t\t\t\t\t\t\t\t<\/div>\n\t\t\t\t<\/div>\n\t\t\t\t<div class=\"elementor-element elementor-element-53705b6 elementor-widget elementor-widget-heading\" data-id=\"53705b6\" data-element_type=\"widget\" data-e-type=\"widget\" data-widget_type=\"heading.default\">\n\t\t\t\t<div class=\"elementor-widget-container\">\n\t\t\t\t\t<span class=\"elementor-heading-title elementor-size-default\">El postre<\/span>\t\t\t\t<\/div>\n\t\t\t\t<\/div>\n\t\t\t\t<div class=\"elementor-element elementor-element-b383793 elementor-widget elementor-widget-text-editor\" data-id=\"b383793\" data-element_type=\"widget\" data-e-type=\"widget\" data-widget_type=\"text-editor.default\">\n\t\t\t\t<div class=\"elementor-widget-container\">\n\t\t\t\t\t\t\t\t\t<p>Xocolata blanca, menta, mango i fruits vermells<\/p>\t\t\t\t\t\t\t\t<\/div>\n\t\t\t\t<\/div>\n\t\t\t\t<div class=\"elementor-element elementor-element-b06a650 elementor-widget elementor-widget-heading\" data-id=\"b06a650\" data-element_type=\"widget\" data-e-type=\"widget\" data-widget_type=\"heading.default\">\n\t\t\t\t<div class=\"elementor-widget-container\">\n\t\t\t\t\t<span class=\"elementor-heading-title elementor-size-default\">Petits Fours<\/span>\t\t\t\t<\/div>\n\t\t\t\t<\/div>\n\t\t\t\t<div class=\"elementor-element elementor-element-1e68a74 elementor-widget elementor-widget-text-editor\" data-id=\"1e68a74\" data-element_type=\"widget\" data-e-type=\"widget\" data-widget_type=\"text-editor.default\">\n\t\t\t\t<div class=\"elementor-widget-container\">\n\t\t\t\t\t\t\t\t\t<p>Cat\u00e0nia de coco i xocolata negra<\/p><p>Esfera de gerds i llima<\/p><p>Crocant garapinyat de turro de xixona<\/p>\t\t\t\t\t\t\t\t<\/div>\n\t\t\t\t<\/div>\n\t\t\t\t<div class=\"elementor-element elementor-element-e94a876 elementor-widget elementor-widget-heading\" data-id=\"e94a876\" data-element_type=\"widget\" data-e-type=\"widget\" data-widget_type=\"heading.default\">\n\t\t\t\t<div class=\"elementor-widget-container\">\n\t\t\t\t\t<span class=\"elementor-heading-title elementor-size-default\">Els vins<\/span>\t\t\t\t<\/div>\n\t\t\t\t<\/div>\n\t\t\t\t<div class=\"elementor-element elementor-element-b1478c1 elementor-widget elementor-widget-text-editor\" data-id=\"b1478c1\" data-element_type=\"widget\" data-e-type=\"widget\" data-widget_type=\"text-editor.default\">\n\t\t\t\t<div class=\"elementor-widget-container\">\n\t\t\t\t\t\t\t\t\t<p style=\"margin-bottom: 0cm; line-height: normal;\" align=\"center\">Blanco Obsequi de l&#8217;Empord\u00e0&nbsp;<\/p><p style=\"margin-bottom: 0cm; line-height: normal;\" align=\"center\">Tinto Cruor Casa Gran del Siurana<\/p>\n<p>Recadero Brut Nature<\/p>\n<p>***<\/p>\n<p><\/p>\n<p><em>Ra\u00efms de la sort \u2013 Cotill\u00f3<\/em><\/p>\n<p><em>M\u00fasica en viu amb Albert &amp; Jes\u00fas Duo&nbsp;<\/em><\/p>\n<p><em>El sopar comen\u00e7a a les 21:00h<\/em><\/p>\t\t\t\t\t\t\t\t<\/div>\n\t\t\t\t<\/div>\n\t\t\t\t\t<\/div>\n\t\t<\/div>\n\t\t\t\t\t<\/div>\n\t\t<\/section>\n\t\t\t\t<section class=\"has_eae_slider elementor-section elementor-top-section elementor-element elementor-element-f41e948 elementor-section-boxed elementor-section-height-default elementor-section-height-default\" data-eae-slider=\"89405\" data-id=\"f41e948\" data-element_type=\"section\" data-e-type=\"section\" data-settings=\"{&quot;background_background&quot;:&quot;classic&quot;}\">\n\t\t\t\t\t\t<div class=\"elementor-container elementor-column-gap-default\">\n\t\t\t\t\t<div class=\"has_eae_slider elementor-column elementor-col-100 elementor-top-column elementor-element elementor-element-6a2cc5b\" data-eae-slider=\"64967\" data-id=\"6a2cc5b\" data-element_type=\"column\" data-e-type=\"column\">\n\t\t\t<div class=\"elementor-widget-wrap elementor-element-populated\">\n\t\t\t\t\t\t<div class=\"elementor-element elementor-element-02cc01b elementor-widget elementor-widget-heading\" data-id=\"02cc01b\" data-element_type=\"widget\" data-e-type=\"widget\" data-widget_type=\"heading.default\">\n\t\t\t\t<div class=\"elementor-widget-container\">\n\t\t\t\t\t<span class=\"elementor-heading-title elementor-size-default\">175 \u20ac<\/span>\t\t\t\t<\/div>\n\t\t\t\t<\/div>\n\t\t\t\t<div class=\"elementor-element elementor-element-52e6b3c elementor-widget elementor-widget-heading\" data-id=\"52e6b3c\" data-element_type=\"widget\" data-e-type=\"widget\" data-widget_type=\"heading.default\">\n\t\t\t\t<div class=\"elementor-widget-container\">\n\t\t\t\t\t<span class=\"elementor-heading-title elementor-size-default\">per persona\n(IVA incl\u00f2s)<br>\n\n<\/span>\t\t\t\t<\/div>\n\t\t\t\t<\/div>\n\t\t\t\t\t<\/div>\n\t\t<\/div>\n\t\t\t\t\t<\/div>\n\t\t<\/section>\n\t\t\t\t<section class=\"has_eae_slider elementor-section elementor-top-section elementor-element elementor-element-b2ed7ec elementor-section-boxed elementor-section-height-default elementor-section-height-default\" data-eae-slider=\"48063\" data-id=\"b2ed7ec\" data-element_type=\"section\" data-e-type=\"section\" data-settings=\"{&quot;background_background&quot;:&quot;classic&quot;}\">\n\t\t\t\t\t\t<div class=\"elementor-container elementor-column-gap-default\">\n\t\t\t\t\t<div class=\"has_eae_slider elementor-column elementor-col-100 elementor-top-column elementor-element elementor-element-43615fd\" data-eae-slider=\"24498\" data-id=\"43615fd\" data-element_type=\"column\" data-e-type=\"column\">\n\t\t\t<div class=\"elementor-widget-wrap elementor-element-populated\">\n\t\t\t\t\t\t<div class=\"elementor-element elementor-element-2abf255 elementor-widget elementor-widget-text-editor\" data-id=\"2abf255\" data-element_type=\"widget\" data-e-type=\"widget\" data-widget_type=\"text-editor.default\">\n\t\t\t\t<div class=\"elementor-widget-container\">\n\t\t\t\t\t\t\t\t\t<p>Reserves<\/p>\t\t\t\t\t\t\t\t<\/div>\n\t\t\t\t<\/div>\n\t\t\t\t<div class=\"elementor-element elementor-element-e579f96 elementor-widget elementor-widget-text-editor\" data-id=\"e579f96\" data-element_type=\"widget\" data-e-type=\"widget\" data-widget_type=\"text-editor.default\">\n\t\t\t\t<div class=\"elementor-widget-container\">\n\t\t\t\t\t\t\t\t\t<a style=\"color: white;\" href=\"tel:972501250\">(+34) 972 501 250<\/a> &#8211; <a style=\"color: white;\" href=\"mailto:duran@hotelduran.com\">duran@hotelduran.com<\/a>\t\t\t\t\t\t\t\t<\/div>\n\t\t\t\t<\/div>\n\t\t\t\t\t<\/div>\n\t\t<\/div>\n\t\t\t\t\t<\/div>\n\t\t<\/section>\n\t\t\t\t<section class=\"has_eae_slider elementor-section elementor-top-section elementor-element elementor-element-0757bea elementor-section-boxed elementor-section-height-default elementor-section-height-default\" data-eae-slider=\"3250\" data-id=\"0757bea\" data-element_type=\"section\" data-e-type=\"section\" data-settings=\"{&quot;background_background&quot;:&quot;classic&quot;}\">\n\t\t\t\t\t\t<div class=\"elementor-container elementor-column-gap-default\">\n\t\t\t\t\t<div class=\"has_eae_slider elementor-column elementor-col-100 elementor-top-column elementor-element elementor-element-899eeca\" data-eae-slider=\"90213\" data-id=\"899eeca\" data-element_type=\"column\" data-e-type=\"column\">\n\t\t\t<div class=\"elementor-widget-wrap elementor-element-populated\">\n\t\t\t\t\t\t<div class=\"elementor-element elementor-element-7b8d89c elementor-shape-circle elementor-grid-0 e-grid-align-center elementor-widget elementor-widget-social-icons\" data-id=\"7b8d89c\" data-element_type=\"widget\" data-e-type=\"widget\" data-widget_type=\"social-icons.default\">\n\t\t\t\t<div class=\"elementor-widget-container\">\n\t\t\t\t\t\t\t<div class=\"elementor-social-icons-wrapper elementor-grid\" role=\"list\">\n\t\t\t\t\t\t\t<span class=\"elementor-grid-item\" role=\"listitem\">\n\t\t\t\t\t<a class=\"elementor-icon elementor-social-icon elementor-social-icon-facebook-f elementor-repeater-item-3b81d74\" href=\"https:\/\/es-es.facebook.com\/duranhotelrestaurant\" target=\"_blank\">\n\t\t\t\t\t\t<span class=\"elementor-screen-only\">Facebook-f<\/span>\n\t\t\t\t\t\t<i aria-hidden=\"true\" class=\"fab fa-facebook-f\"><\/i>\t\t\t\t\t<\/a>\n\t\t\t\t<\/span>\n\t\t\t\t\t\t\t<span class=\"elementor-grid-item\" role=\"listitem\">\n\t\t\t\t\t<a class=\"elementor-icon elementor-social-icon elementor-social-icon-twitter elementor-repeater-item-902765a\" href=\"\" target=\"_blank\">\n\t\t\t\t\t\t<span class=\"elementor-screen-only\">Twitter<\/span>\n\t\t\t\t\t\t<i aria-hidden=\"true\" class=\"fab fa-twitter\"><\/i>\t\t\t\t\t<\/a>\n\t\t\t\t<\/span>\n\t\t\t\t\t\t\t<span class=\"elementor-grid-item\" role=\"listitem\">\n\t\t\t\t\t<a class=\"elementor-icon elementor-social-icon elementor-social-icon-instagram elementor-repeater-item-147ebf7\" href=\"https:\/\/www.instagram.com\/hotelduran\/?hl=es\" target=\"_blank\">\n\t\t\t\t\t\t<span class=\"elementor-screen-only\">Instagram<\/span>\n\t\t\t\t\t\t<i aria-hidden=\"true\" class=\"fab fa-instagram\"><\/i>\t\t\t\t\t<\/a>\n\t\t\t\t<\/span>\n\t\t\t\t\t\t\t<span class=\"elementor-grid-item\" role=\"listitem\">\n\t\t\t\t\t<a class=\"elementor-icon elementor-social-icon elementor-social-icon-youtube elementor-repeater-item-ce9edf2\" href=\"https:\/\/www.youtube.com\/c\/DuranHotelRestaurant\" target=\"_blank\">\n\t\t\t\t\t\t<span class=\"elementor-screen-only\">Youtube<\/span>\n\t\t\t\t\t\t<i aria-hidden=\"true\" class=\"fab fa-youtube\"><\/i>\t\t\t\t\t<\/a>\n\t\t\t\t<\/span>\n\t\t\t\t\t<\/div>\n\t\t\t\t\t\t<\/div>\n\t\t\t\t<\/div>\n\t\t\t\t\t<\/div>\n\t\t<\/div>\n\t\t\t\t\t<\/div>\n\t\t<\/section>\n\t\t\t\t<section class=\"has_eae_slider elementor-section elementor-top-section elementor-element elementor-element-f11a34b elementor-section-full_width elementor-section-height-min-height elementor-section-items-top elementor-section-height-default\" data-eae-slider=\"60709\" data-id=\"f11a34b\" data-element_type=\"section\" data-e-type=\"section\" data-settings=\"{&quot;background_background&quot;:&quot;classic&quot;}\">\n\t\t\t\t\t\t<div class=\"elementor-container elementor-column-gap-default\">\n\t\t\t\t\t<div class=\"has_eae_slider elementor-column elementor-col-100 elementor-top-column elementor-element elementor-element-6c52494\" data-eae-slider=\"17323\" data-id=\"6c52494\" data-element_type=\"column\" data-e-type=\"column\">\n\t\t\t<div class=\"elementor-widget-wrap elementor-element-populated\">\n\t\t\t\t\t\t<div class=\"elementor-element elementor-element-a5f17e1 elementor-widget elementor-widget-heading\" data-id=\"a5f17e1\" data-element_type=\"widget\" data-e-type=\"widget\" data-widget_type=\"heading.default\">\n\t\t\t\t<div class=\"elementor-widget-container\">\n\t\t\t\t\t<h2 class=\"elementor-heading-title elementor-size-default\">Cada any que passa fem hist\u00f2ria<\/h2>\t\t\t\t<\/div>\n\t\t\t\t<\/div>\n\t\t\t\t\t<\/div>\n\t\t<\/div>\n\t\t\t\t\t<\/div>\n\t\t<\/section>\n\t\t\t\t<\/div>\n\t\t","protected":false},"excerpt":{"rendered":"<p>Men\u00fa de Cap d&#8217;Any 2025 L&#8217;aperitiu Encenalls d&#8217;ib\u00e8ric amb coca de vidre T\u00e0rtar de gamba vermella i caviar de salm\u00f3 Milfulles de patata trufada L&#8217;entrant Bavaresa de Llagosta a la &#8230; <\/p>\n<p class=\"read-more-container\"><a title=\"Men\u00fa de Cap d&#8217;Any\" class=\"read-more button\" href=\"https:\/\/restauranthotelduran.com\/ca\/menus\/menu-de-cap-dany\/#more-6351\" aria-label=\"M\u00e9s informaci\u00f3 sobre Men\u00fa de Cap d&#8217;Any\">Seguir leyendo<\/a><\/p>\n","protected":false},"author":1,"featured_media":0,"parent":11336,"menu_order":0,"comment_status":"closed","ping_status":"closed","template":"page-templates\/carta-y-menu.php","meta":{"footnotes":""},"class_list":{"0":"post-6351","1":"page","2":"type-page","3":"status-publish","5":"infinite-scroll-item"},"yoast_head":"<!-- This site is optimized with the Yoast SEO plugin v27.3 - https:\/\/yoast.com\/product\/yoast-seo-wordpress\/ -->\n<title>Men\u00fa de Cap d&#039;Any en Figueres - Restaurant Hotel Duran<\/title>\n<meta name=\"description\" content=\"Prova el nostre men\u00fa del dia a un preu assequible a Figueres en un lloc amb hist\u00f2ria i encant. Disfruta del plaer de menjar.\" \/>\n<meta name=\"robots\" content=\"index, follow, max-snippet:-1, max-image-preview:large, max-video-preview:-1\" \/>\n<link rel=\"canonical\" href=\"https:\/\/restauranthotelduran.com\/ca\/menus\/menu-de-cap-dany\/\" \/>\n<meta property=\"og:locale\" content=\"ca_ES\" \/>\n<meta property=\"og:type\" content=\"article\" \/>\n<meta property=\"og:title\" content=\"Men\u00fa de Cap d&#039;Any en Figueres - Restaurant Hotel Duran\" \/>\n<meta property=\"og:description\" content=\"Prova el nostre men\u00fa del dia a un preu assequible a Figueres en un lloc amb hist\u00f2ria i encant. Disfruta del plaer de menjar.\" \/>\n<meta property=\"og:url\" content=\"https:\/\/restauranthotelduran.com\/ca\/menus\/menu-de-cap-dany\/\" \/>\n<meta property=\"og:site_name\" content=\"Restaurant Hotel Duran\" \/>\n<meta property=\"article:modified_time\" content=\"2025-12-12T11:14:14+00:00\" \/>\n<meta name=\"twitter:card\" content=\"summary_large_image\" \/>\n<meta name=\"twitter:label1\" content=\"Temps estimat de lectura\" \/>\n\t<meta name=\"twitter:data1\" content=\"1 minut\" \/>\n<script type=\"application\/ld+json\" class=\"yoast-schema-graph\">{\"@context\":\"https:\\\/\\\/schema.org\",\"@graph\":[{\"@type\":\"WebPage\",\"@id\":\"https:\\\/\\\/restauranthotelduran.com\\\/ca\\\/menus\\\/menu-de-cap-dany\\\/\",\"url\":\"https:\\\/\\\/restauranthotelduran.com\\\/ca\\\/menus\\\/menu-de-cap-dany\\\/\",\"name\":\"Men\u00fa de Cap d'Any en Figueres - Restaurant Hotel Duran\",\"isPartOf\":{\"@id\":\"https:\\\/\\\/restauranthotelduran.com\\\/ca\\\/#website\"},\"datePublished\":\"2024-10-29T14:42:37+00:00\",\"dateModified\":\"2025-12-12T11:14:14+00:00\",\"description\":\"Prova el nostre men\u00fa del dia a un preu assequible a Figueres en un lloc amb hist\u00f2ria i encant. Disfruta del plaer de menjar.\",\"breadcrumb\":{\"@id\":\"https:\\\/\\\/restauranthotelduran.com\\\/ca\\\/menus\\\/menu-de-cap-dany\\\/#breadcrumb\"},\"inLanguage\":\"ca\",\"potentialAction\":[{\"@type\":\"ReadAction\",\"target\":[\"https:\\\/\\\/restauranthotelduran.com\\\/ca\\\/menus\\\/menu-de-cap-dany\\\/\"]}]},{\"@type\":\"BreadcrumbList\",\"@id\":\"https:\\\/\\\/restauranthotelduran.com\\\/ca\\\/menus\\\/menu-de-cap-dany\\\/#breadcrumb\",\"itemListElement\":[{\"@type\":\"ListItem\",\"position\":1,\"name\":\"Portada\",\"item\":\"https:\\\/\\\/restauranthotelduran.com\\\/ca\\\/\"},{\"@type\":\"ListItem\",\"position\":2,\"name\":\"Men\u00fas\",\"item\":\"https:\\\/\\\/restauranthotelduran.com\\\/ca\\\/menus\\\/\"},{\"@type\":\"ListItem\",\"position\":3,\"name\":\"Men\u00fa de Cap d&#8217;Any\"}]},{\"@type\":\"WebSite\",\"@id\":\"https:\\\/\\\/restauranthotelduran.com\\\/ca\\\/#website\",\"url\":\"https:\\\/\\\/restauranthotelduran.com\\\/ca\\\/\",\"name\":\"Restaurant Hotel Duran\",\"description\":\"Restauran Hotel Duran a Figueres\",\"publisher\":{\"@id\":\"https:\\\/\\\/restauranthotelduran.com\\\/ca\\\/#organization\"},\"potentialAction\":[{\"@type\":\"SearchAction\",\"target\":{\"@type\":\"EntryPoint\",\"urlTemplate\":\"https:\\\/\\\/restauranthotelduran.com\\\/ca\\\/?s={search_term_string}\"},\"query-input\":{\"@type\":\"PropertyValueSpecification\",\"valueRequired\":true,\"valueName\":\"search_term_string\"}}],\"inLanguage\":\"ca\"},{\"@type\":\"Organization\",\"@id\":\"https:\\\/\\\/restauranthotelduran.com\\\/ca\\\/#organization\",\"name\":\"Restaurant Hotel Duran\",\"url\":\"https:\\\/\\\/restauranthotelduran.com\\\/ca\\\/\",\"logo\":{\"@type\":\"ImageObject\",\"inLanguage\":\"ca\",\"@id\":\"https:\\\/\\\/restauranthotelduran.com\\\/ca\\\/#\\\/schema\\\/logo\\\/image\\\/\",\"url\":\"https:\\\/\\\/restauranthotelduran.com\\\/wp-content\\\/uploads\\\/2024\\\/09\\\/logo_duran_menu.png\",\"contentUrl\":\"https:\\\/\\\/restauranthotelduran.com\\\/wp-content\\\/uploads\\\/2024\\\/09\\\/logo_duran_menu.png\",\"width\":652,\"height\":306,\"caption\":\"Restaurant Hotel Duran\"},\"image\":{\"@id\":\"https:\\\/\\\/restauranthotelduran.com\\\/ca\\\/#\\\/schema\\\/logo\\\/image\\\/\"}}]}<\/script>\n<!-- \/ Yoast SEO plugin. -->","yoast_head_json":{"title":"Men\u00fa de Cap d'Any en Figueres - Restaurant Hotel Duran","description":"Prova el nostre men\u00fa del dia a un preu assequible a Figueres en un lloc amb hist\u00f2ria i encant. Disfruta del plaer de menjar.","robots":{"index":"index","follow":"follow","max-snippet":"max-snippet:-1","max-image-preview":"max-image-preview:large","max-video-preview":"max-video-preview:-1"},"canonical":"https:\/\/restauranthotelduran.com\/ca\/menus\/menu-de-cap-dany\/","og_locale":"ca_ES","og_type":"article","og_title":"Men\u00fa de Cap d'Any en Figueres - Restaurant Hotel Duran","og_description":"Prova el nostre men\u00fa del dia a un preu assequible a Figueres en un lloc amb hist\u00f2ria i encant. Disfruta del plaer de menjar.","og_url":"https:\/\/restauranthotelduran.com\/ca\/menus\/menu-de-cap-dany\/","og_site_name":"Restaurant Hotel Duran","article_modified_time":"2025-12-12T11:14:14+00:00","twitter_card":"summary_large_image","twitter_misc":{"Temps estimat de lectura":"1 minut"},"schema":{"@context":"https:\/\/schema.org","@graph":[{"@type":"WebPage","@id":"https:\/\/restauranthotelduran.com\/ca\/menus\/menu-de-cap-dany\/","url":"https:\/\/restauranthotelduran.com\/ca\/menus\/menu-de-cap-dany\/","name":"Men\u00fa de Cap d'Any en Figueres - Restaurant Hotel Duran","isPartOf":{"@id":"https:\/\/restauranthotelduran.com\/ca\/#website"},"datePublished":"2024-10-29T14:42:37+00:00","dateModified":"2025-12-12T11:14:14+00:00","description":"Prova el nostre men\u00fa del dia a un preu assequible a Figueres en un lloc amb hist\u00f2ria i encant. Disfruta del plaer de menjar.","breadcrumb":{"@id":"https:\/\/restauranthotelduran.com\/ca\/menus\/menu-de-cap-dany\/#breadcrumb"},"inLanguage":"ca","potentialAction":[{"@type":"ReadAction","target":["https:\/\/restauranthotelduran.com\/ca\/menus\/menu-de-cap-dany\/"]}]},{"@type":"BreadcrumbList","@id":"https:\/\/restauranthotelduran.com\/ca\/menus\/menu-de-cap-dany\/#breadcrumb","itemListElement":[{"@type":"ListItem","position":1,"name":"Portada","item":"https:\/\/restauranthotelduran.com\/ca\/"},{"@type":"ListItem","position":2,"name":"Men\u00fas","item":"https:\/\/restauranthotelduran.com\/ca\/menus\/"},{"@type":"ListItem","position":3,"name":"Men\u00fa de Cap d&#8217;Any"}]},{"@type":"WebSite","@id":"https:\/\/restauranthotelduran.com\/ca\/#website","url":"https:\/\/restauranthotelduran.com\/ca\/","name":"Restaurant Hotel Duran","description":"Restauran Hotel Duran a Figueres","publisher":{"@id":"https:\/\/restauranthotelduran.com\/ca\/#organization"},"potentialAction":[{"@type":"SearchAction","target":{"@type":"EntryPoint","urlTemplate":"https:\/\/restauranthotelduran.com\/ca\/?s={search_term_string}"},"query-input":{"@type":"PropertyValueSpecification","valueRequired":true,"valueName":"search_term_string"}}],"inLanguage":"ca"},{"@type":"Organization","@id":"https:\/\/restauranthotelduran.com\/ca\/#organization","name":"Restaurant Hotel Duran","url":"https:\/\/restauranthotelduran.com\/ca\/","logo":{"@type":"ImageObject","inLanguage":"ca","@id":"https:\/\/restauranthotelduran.com\/ca\/#\/schema\/logo\/image\/","url":"https:\/\/restauranthotelduran.com\/wp-content\/uploads\/2024\/09\/logo_duran_menu.png","contentUrl":"https:\/\/restauranthotelduran.com\/wp-content\/uploads\/2024\/09\/logo_duran_menu.png","width":652,"height":306,"caption":"Restaurant Hotel Duran"},"image":{"@id":"https:\/\/restauranthotelduran.com\/ca\/#\/schema\/logo\/image\/"}}]}},"_hostinger_reach_plugin_has_subscription_block":false,"_hostinger_reach_plugin_is_elementor":false,"_links":{"self":[{"href":"https:\/\/restauranthotelduran.com\/ca\/wp-json\/wp\/v2\/pages\/6351","targetHints":{"allow":["GET"]}}],"collection":[{"href":"https:\/\/restauranthotelduran.com\/ca\/wp-json\/wp\/v2\/pages"}],"about":[{"href":"https:\/\/restauranthotelduran.com\/ca\/wp-json\/wp\/v2\/types\/page"}],"author":[{"embeddable":true,"href":"https:\/\/restauranthotelduran.com\/ca\/wp-json\/wp\/v2\/users\/1"}],"replies":[{"embeddable":true,"href":"https:\/\/restauranthotelduran.com\/ca\/wp-json\/wp\/v2\/comments?post=6351"}],"version-history":[{"count":18,"href":"https:\/\/restauranthotelduran.com\/ca\/wp-json\/wp\/v2\/pages\/6351\/revisions"}],"predecessor-version":[{"id":14891,"href":"https:\/\/restauranthotelduran.com\/ca\/wp-json\/wp\/v2\/pages\/6351\/revisions\/14891"}],"up":[{"embeddable":true,"href":"https:\/\/restauranthotelduran.com\/ca\/wp-json\/wp\/v2\/pages\/11336"}],"wp:attachment":[{"href":"https:\/\/restauranthotelduran.com\/ca\/wp-json\/wp\/v2\/media?parent=6351"}],"curies":[{"name":"wp","href":"https:\/\/api.w.org\/{rel}","templated":true}]}}