{"id":10372,"date":"2023-09-05T14:09:34","date_gmt":"2023-09-05T12:09:34","guid":{"rendered":"https:\/\/restauranthotelduran.com\/reservez-votre-table\/"},"modified":"2025-04-25T13:06:02","modified_gmt":"2025-04-25T11:06:02","slug":"reservez-votre-table","status":"publish","type":"page","link":"https:\/\/restauranthotelduran.com\/fr\/reservez-votre-table\/","title":{"rendered":"R\u00c9SERVEZ VOTRE TABLE"},"content":{"rendered":"\t\t<div data-elementor-type=\"wp-page\" data-elementor-id=\"10372\" class=\"elementor elementor-10372 elementor-10353\" data-elementor-post-type=\"page\">\n\t\t\t\t\t\t<section class=\"has_eae_slider elementor-section elementor-top-section elementor-element elementor-element-8994973 elementor-section-full_width elementor-section-height-min-height elementor-section-height-default elementor-section-items-middle\" data-eae-slider=\"85769\" data-id=\"8994973\" data-element_type=\"section\" data-e-type=\"section\" data-settings=\"{&quot;background_background&quot;:&quot;classic&quot;}\">\n\t\t\t\t\t\t\t<div class=\"elementor-background-overlay\"><\/div>\n\t\t\t\t\t\t\t<div class=\"elementor-container elementor-column-gap-default\">\n\t\t\t\t\t<div class=\"has_eae_slider elementor-column elementor-col-100 elementor-top-column elementor-element elementor-element-fa87cc3\" data-eae-slider=\"3809\" data-id=\"fa87cc3\" data-element_type=\"column\" data-e-type=\"column\">\n\t\t\t<div class=\"elementor-widget-wrap elementor-element-populated\">\n\t\t\t\t\t\t<div class=\"elementor-element elementor-element-ded6130 animated-slow elementor-invisible elementor-widget elementor-widget-heading\" data-id=\"ded6130\" data-element_type=\"widget\" data-e-type=\"widget\" data-settings=\"{&quot;_animation&quot;:&quot;fadeIn&quot;}\" data-widget_type=\"heading.default\">\n\t\t\t\t<div class=\"elementor-widget-container\">\n\t\t\t\t\t<h1 class=\"elementor-heading-title elementor-size-default\">R\u00e9servez vostre table<\/h1>\t\t\t\t<\/div>\n\t\t\t\t<\/div>\n\t\t\t\t\t<\/div>\n\t\t<\/div>\n\t\t\t\t\t<\/div>\n\t\t<\/section>\n\t\t\t\t<section class=\"has_eae_slider elementor-section elementor-top-section elementor-element elementor-element-0e66daa elementor-section-boxed elementor-section-height-default elementor-section-height-default\" data-eae-slider=\"91615\" data-id=\"0e66daa\" data-element_type=\"section\" data-e-type=\"section\">\n\t\t\t\t\t\t<div class=\"elementor-container elementor-column-gap-default\">\n\t\t\t\t\t<div class=\"has_eae_slider elementor-column elementor-col-100 elementor-top-column elementor-element elementor-element-e6370d1\" data-eae-slider=\"2786\" data-id=\"e6370d1\" data-element_type=\"column\" data-e-type=\"column\">\n\t\t\t<div class=\"elementor-widget-wrap elementor-element-populated\">\n\t\t\t\t\t\t<div class=\"elementor-element elementor-element-f002dc8 elementor-widget elementor-widget-heading\" data-id=\"f002dc8\" data-element_type=\"widget\" data-e-type=\"widget\" data-widget_type=\"heading.default\">\n\t\t\t\t<div class=\"elementor-widget-container\">\n\t\t\t\t\t<h3 class=\"elementor-heading-title elementor-size-default\">Pour les groupes, veuillez appeler le 972 50 12 50 ou envoyer un e-mail \u00e0 duran@hotelduran.com<\/h3>\t\t\t\t<\/div>\n\t\t\t\t<\/div>\n\t\t\t\t\t<\/div>\n\t\t<\/div>\n\t\t\t\t\t<\/div>\n\t\t<\/section>\n\t\t\t\t<section class=\"has_eae_slider elementor-section elementor-top-section elementor-element elementor-element-490ef8a elementor-section-full_width elementor-section-height-default elementor-section-height-default\" data-eae-slider=\"14565\" data-id=\"490ef8a\" data-element_type=\"section\" data-e-type=\"section\">\n\t\t\t\t\t\t<div class=\"elementor-container elementor-column-gap-default\">\n\t\t\t\t\t<div class=\"has_eae_slider elementor-column elementor-col-100 elementor-top-column elementor-element elementor-element-9643a1d\" data-eae-slider=\"76909\" data-id=\"9643a1d\" data-element_type=\"column\" data-e-type=\"column\">\n\t\t\t<div class=\"elementor-widget-wrap elementor-element-populated\">\n\t\t\t\t\t\t<div class=\"elementor-element elementor-element-1d3b7c8 elementor-widget elementor-widget-html\" data-id=\"1d3b7c8\" data-element_type=\"widget\" data-e-type=\"widget\" data-widget_type=\"html.default\">\n\t\t\t\t<div class=\"elementor-widget-container\">\n\t\t\t\t\t<iframe src=\"https:\/\/widget.thefork.com\/f218ff64-dbbf-4930-8eca-23a866aff254\" allow=\"payment *\" style=\"width: 100%; min-height:800px; border:none; overflow:scroll;\"><\/iframe>\t\t\t\t<\/div>\n\t\t\t\t<\/div>\n\t\t\t\t\t<\/div>\n\t\t<\/div>\n\t\t\t\t\t<\/div>\n\t\t<\/section>\n\t\t\t\t<\/div>\n\t\t","protected":false},"excerpt":{"rendered":"<p>R\u00e9servez vostre table Pour les groupes, veuillez appeler le 972 50 12 50 ou envoyer un e-mail \u00e0 duran@hotelduran.com<\/p>\n","protected":false},"author":1,"featured_media":0,"parent":0,"menu_order":0,"comment_status":"closed","ping_status":"closed","template":"","meta":{"footnotes":""},"class_list":{"0":"post-10372","1":"page","2":"type-page","3":"status-publish","5":"infinite-scroll-item"},"yoast_head":"<!-- This site is optimized with the Yoast SEO plugin v27.3 - https:\/\/yoast.com\/product\/yoast-seo-wordpress\/ -->\n<title>Contactez-nous - Restaurant Hotel Duran Figueres<\/title>\n<meta name=\"description\" content=\"Si vous souhaitez r\u00e9server une table ou avez des questions, n&#039;h\u00e9sitez pas \u00e0 nous contacter, vous nous trouverez \u00e0 Figueres pr\u00e8s du mus\u00e9e Dali.\" \/>\n<meta name=\"robots\" content=\"index, follow, max-snippet:-1, max-image-preview:large, max-video-preview:-1\" \/>\n<link rel=\"canonical\" href=\"https:\/\/restauranthotelduran.com\/fr\/reservez-votre-table\/\" \/>\n<meta property=\"og:locale\" content=\"fr_FR\" \/>\n<meta property=\"og:type\" content=\"article\" \/>\n<meta property=\"og:title\" content=\"Contactez-nous - Restaurant Hotel Duran Figueres\" \/>\n<meta property=\"og:description\" content=\"Si vous souhaitez r\u00e9server une table ou avez des questions, n&#039;h\u00e9sitez pas \u00e0 nous contacter, vous nous trouverez \u00e0 Figueres pr\u00e8s du mus\u00e9e Dali.\" \/>\n<meta property=\"og:url\" content=\"https:\/\/restauranthotelduran.com\/fr\/reservez-votre-table\/\" \/>\n<meta property=\"og:site_name\" content=\"Restaurant Hotel Duran\" \/>\n<meta property=\"article:modified_time\" content=\"2025-04-25T11:06:02+00:00\" \/>\n<meta name=\"twitter:card\" content=\"summary_large_image\" \/>\n<meta name=\"twitter:label1\" content=\"Dur\u00e9e de lecture estim\u00e9e\" \/>\n\t<meta name=\"twitter:data1\" content=\"1 minute\" \/>\n<script type=\"application\/ld+json\" class=\"yoast-schema-graph\">{\"@context\":\"https:\\\/\\\/schema.org\",\"@graph\":[{\"@type\":\"WebPage\",\"@id\":\"https:\\\/\\\/restauranthotelduran.com\\\/fr\\\/reservez-votre-table\\\/\",\"url\":\"https:\\\/\\\/restauranthotelduran.com\\\/fr\\\/reservez-votre-table\\\/\",\"name\":\"Contactez-nous - Restaurant Hotel Duran Figueres\",\"isPartOf\":{\"@id\":\"https:\\\/\\\/restauranthotelduran.com\\\/fr\\\/#website\"},\"datePublished\":\"2023-09-05T12:09:34+00:00\",\"dateModified\":\"2025-04-25T11:06:02+00:00\",\"description\":\"Si vous souhaitez r\u00e9server une table ou avez des questions, n'h\u00e9sitez pas \u00e0 nous contacter, vous nous trouverez \u00e0 Figueres pr\u00e8s du mus\u00e9e Dali.\",\"breadcrumb\":{\"@id\":\"https:\\\/\\\/restauranthotelduran.com\\\/fr\\\/reservez-votre-table\\\/#breadcrumb\"},\"inLanguage\":\"fr-FR\",\"potentialAction\":[{\"@type\":\"ReadAction\",\"target\":[\"https:\\\/\\\/restauranthotelduran.com\\\/fr\\\/reservez-votre-table\\\/\"]}]},{\"@type\":\"BreadcrumbList\",\"@id\":\"https:\\\/\\\/restauranthotelduran.com\\\/fr\\\/reservez-votre-table\\\/#breadcrumb\",\"itemListElement\":[{\"@type\":\"ListItem\",\"position\":1,\"name\":\"Portada\",\"item\":\"https:\\\/\\\/restauranthotelduran.com\\\/fr\\\/\"},{\"@type\":\"ListItem\",\"position\":2,\"name\":\"R\u00c9SERVEZ VOTRE TABLE\"}]},{\"@type\":\"WebSite\",\"@id\":\"https:\\\/\\\/restauranthotelduran.com\\\/fr\\\/#website\",\"url\":\"https:\\\/\\\/restauranthotelduran.com\\\/fr\\\/\",\"name\":\"Restaurant Hotel Duran\",\"description\":\"Restauran Hotel Duran a Figueres\",\"publisher\":{\"@id\":\"https:\\\/\\\/restauranthotelduran.com\\\/fr\\\/#organization\"},\"potentialAction\":[{\"@type\":\"SearchAction\",\"target\":{\"@type\":\"EntryPoint\",\"urlTemplate\":\"https:\\\/\\\/restauranthotelduran.com\\\/fr\\\/?s={search_term_string}\"},\"query-input\":{\"@type\":\"PropertyValueSpecification\",\"valueRequired\":true,\"valueName\":\"search_term_string\"}}],\"inLanguage\":\"fr-FR\"},{\"@type\":\"Organization\",\"@id\":\"https:\\\/\\\/restauranthotelduran.com\\\/fr\\\/#organization\",\"name\":\"Restaurant Hotel Duran\",\"url\":\"https:\\\/\\\/restauranthotelduran.com\\\/fr\\\/\",\"logo\":{\"@type\":\"ImageObject\",\"inLanguage\":\"fr-FR\",\"@id\":\"https:\\\/\\\/restauranthotelduran.com\\\/fr\\\/#\\\/schema\\\/logo\\\/image\\\/\",\"url\":\"https:\\\/\\\/restauranthotelduran.com\\\/wp-content\\\/uploads\\\/2024\\\/09\\\/logo_duran_menu.png\",\"contentUrl\":\"https:\\\/\\\/restauranthotelduran.com\\\/wp-content\\\/uploads\\\/2024\\\/09\\\/logo_duran_menu.png\",\"width\":652,\"height\":306,\"caption\":\"Restaurant Hotel Duran\"},\"image\":{\"@id\":\"https:\\\/\\\/restauranthotelduran.com\\\/fr\\\/#\\\/schema\\\/logo\\\/image\\\/\"}}]}<\/script>\n<!-- \/ Yoast SEO plugin. -->","yoast_head_json":{"title":"Contactez-nous - Restaurant Hotel Duran Figueres","description":"Si vous souhaitez r\u00e9server une table ou avez des questions, n'h\u00e9sitez pas \u00e0 nous contacter, vous nous trouverez \u00e0 Figueres pr\u00e8s du mus\u00e9e Dali.","robots":{"index":"index","follow":"follow","max-snippet":"max-snippet:-1","max-image-preview":"max-image-preview:large","max-video-preview":"max-video-preview:-1"},"canonical":"https:\/\/restauranthotelduran.com\/fr\/reservez-votre-table\/","og_locale":"fr_FR","og_type":"article","og_title":"Contactez-nous - Restaurant Hotel Duran Figueres","og_description":"Si vous souhaitez r\u00e9server une table ou avez des questions, n'h\u00e9sitez pas \u00e0 nous contacter, vous nous trouverez \u00e0 Figueres pr\u00e8s du mus\u00e9e Dali.","og_url":"https:\/\/restauranthotelduran.com\/fr\/reservez-votre-table\/","og_site_name":"Restaurant Hotel Duran","article_modified_time":"2025-04-25T11:06:02+00:00","twitter_card":"summary_large_image","twitter_misc":{"Dur\u00e9e de lecture estim\u00e9e":"1 minute"},"schema":{"@context":"https:\/\/schema.org","@graph":[{"@type":"WebPage","@id":"https:\/\/restauranthotelduran.com\/fr\/reservez-votre-table\/","url":"https:\/\/restauranthotelduran.com\/fr\/reservez-votre-table\/","name":"Contactez-nous - Restaurant Hotel Duran Figueres","isPartOf":{"@id":"https:\/\/restauranthotelduran.com\/fr\/#website"},"datePublished":"2023-09-05T12:09:34+00:00","dateModified":"2025-04-25T11:06:02+00:00","description":"Si vous souhaitez r\u00e9server une table ou avez des questions, n'h\u00e9sitez pas \u00e0 nous contacter, vous nous trouverez \u00e0 Figueres pr\u00e8s du mus\u00e9e Dali.","breadcrumb":{"@id":"https:\/\/restauranthotelduran.com\/fr\/reservez-votre-table\/#breadcrumb"},"inLanguage":"fr-FR","potentialAction":[{"@type":"ReadAction","target":["https:\/\/restauranthotelduran.com\/fr\/reservez-votre-table\/"]}]},{"@type":"BreadcrumbList","@id":"https:\/\/restauranthotelduran.com\/fr\/reservez-votre-table\/#breadcrumb","itemListElement":[{"@type":"ListItem","position":1,"name":"Portada","item":"https:\/\/restauranthotelduran.com\/fr\/"},{"@type":"ListItem","position":2,"name":"R\u00c9SERVEZ VOTRE TABLE"}]},{"@type":"WebSite","@id":"https:\/\/restauranthotelduran.com\/fr\/#website","url":"https:\/\/restauranthotelduran.com\/fr\/","name":"Restaurant Hotel Duran","description":"Restauran Hotel Duran a Figueres","publisher":{"@id":"https:\/\/restauranthotelduran.com\/fr\/#organization"},"potentialAction":[{"@type":"SearchAction","target":{"@type":"EntryPoint","urlTemplate":"https:\/\/restauranthotelduran.com\/fr\/?s={search_term_string}"},"query-input":{"@type":"PropertyValueSpecification","valueRequired":true,"valueName":"search_term_string"}}],"inLanguage":"fr-FR"},{"@type":"Organization","@id":"https:\/\/restauranthotelduran.com\/fr\/#organization","name":"Restaurant Hotel Duran","url":"https:\/\/restauranthotelduran.com\/fr\/","logo":{"@type":"ImageObject","inLanguage":"fr-FR","@id":"https:\/\/restauranthotelduran.com\/fr\/#\/schema\/logo\/image\/","url":"https:\/\/restauranthotelduran.com\/wp-content\/uploads\/2024\/09\/logo_duran_menu.png","contentUrl":"https:\/\/restauranthotelduran.com\/wp-content\/uploads\/2024\/09\/logo_duran_menu.png","width":652,"height":306,"caption":"Restaurant Hotel Duran"},"image":{"@id":"https:\/\/restauranthotelduran.com\/fr\/#\/schema\/logo\/image\/"}}]}},"_hostinger_reach_plugin_has_subscription_block":false,"_hostinger_reach_plugin_is_elementor":false,"_links":{"self":[{"href":"https:\/\/restauranthotelduran.com\/fr\/wp-json\/wp\/v2\/pages\/10372","targetHints":{"allow":["GET"]}}],"collection":[{"href":"https:\/\/restauranthotelduran.com\/fr\/wp-json\/wp\/v2\/pages"}],"about":[{"href":"https:\/\/restauranthotelduran.com\/fr\/wp-json\/wp\/v2\/types\/page"}],"author":[{"embeddable":true,"href":"https:\/\/restauranthotelduran.com\/fr\/wp-json\/wp\/v2\/users\/1"}],"replies":[{"embeddable":true,"href":"https:\/\/restauranthotelduran.com\/fr\/wp-json\/wp\/v2\/comments?post=10372"}],"version-history":[{"count":12,"href":"https:\/\/restauranthotelduran.com\/fr\/wp-json\/wp\/v2\/pages\/10372\/revisions"}],"predecessor-version":[{"id":14052,"href":"https:\/\/restauranthotelduran.com\/fr\/wp-json\/wp\/v2\/pages\/10372\/revisions\/14052"}],"wp:attachment":[{"href":"https:\/\/restauranthotelduran.com\/fr\/wp-json\/wp\/v2\/media?parent=10372"}],"curies":[{"name":"wp","href":"https:\/\/api.w.org\/{rel}","templated":true}]}}