{"id":13271,"date":"2024-11-25T13:39:30","date_gmt":"2024-11-25T12:39:30","guid":{"rendered":"https:\/\/restauranthotelduran.com\/donne\/"},"modified":"2025-04-23T12:52:42","modified_gmt":"2025-04-23T10:52:42","slug":"donne","status":"publish","type":"page","link":"https:\/\/restauranthotelduran.com\/fr\/donne\/","title":{"rendered":"Donne"},"content":{"rendered":"\t\t<div data-elementor-type=\"wp-page\" data-elementor-id=\"13271\" class=\"elementor elementor-13271 elementor-13195\" data-elementor-post-type=\"page\">\n\t\t\t\t\t\t<section class=\"has_eae_slider elementor-section elementor-top-section elementor-element elementor-element-6a373f2 elementor-section-full_width elementor-section-height-min-height elementor-section-height-default elementor-section-items-middle\" data-eae-slider=\"17188\" data-id=\"6a373f2\" data-element_type=\"section\" data-e-type=\"section\" data-settings=\"{&quot;background_background&quot;:&quot;classic&quot;}\">\n\t\t\t\t\t\t<div class=\"elementor-container elementor-column-gap-default\">\n\t\t\t\t\t<div class=\"has_eae_slider elementor-column elementor-col-100 elementor-top-column elementor-element elementor-element-bcd34de\" data-eae-slider=\"53509\" data-id=\"bcd34de\" data-element_type=\"column\" data-e-type=\"column\">\n\t\t\t<div class=\"elementor-widget-wrap elementor-element-populated\">\n\t\t\t\t\t\t<div class=\"elementor-element elementor-element-fc6e9c7 elementor-widget elementor-widget-heading\" data-id=\"fc6e9c7\" data-element_type=\"widget\" data-e-type=\"widget\" data-widget_type=\"heading.default\">\n\t\t\t\t<div class=\"elementor-widget-container\">\n\t\t\t\t\t<h2 class=\"elementor-heading-title elementor-size-default\">Exp\u00e9riences cadeaux<\/h2>\t\t\t\t<\/div>\n\t\t\t\t<\/div>\n\t\t\t\t\t<\/div>\n\t\t<\/div>\n\t\t\t\t\t<\/div>\n\t\t<\/section>\n\t\t\t\t<section class=\"has_eae_slider elementor-section elementor-top-section elementor-element elementor-element-75e20b3 elementor-section-boxed elementor-section-height-default elementor-section-height-default\" data-eae-slider=\"72297\" data-id=\"75e20b3\" data-element_type=\"section\" data-e-type=\"section\">\n\t\t\t\t\t\t<div class=\"elementor-container elementor-column-gap-default\">\n\t\t\t\t\t<div class=\"has_eae_slider elementor-column elementor-col-100 elementor-top-column elementor-element elementor-element-8aff48d\" data-eae-slider=\"26083\" data-id=\"8aff48d\" data-element_type=\"column\" data-e-type=\"column\">\n\t\t\t<div class=\"elementor-widget-wrap elementor-element-populated\">\n\t\t\t\t\t\t<div class=\"elementor-element elementor-element-804c43a elementor-widget elementor-widget-text-editor\" data-id=\"804c43a\" data-element_type=\"widget\" data-e-type=\"widget\" data-widget_type=\"text-editor.default\">\n\t\t\t\t<div class=\"elementor-widget-container\">\n\t\t\t\t\t\t\t\t\t<p>Nos exp\u00e9riences gastronomiques sont le choix id\u00e9al pour ceux qui appr\u00e9cient les plaisirs de la gastronomie et recherchent des exp\u00e9riences uniques.<\/p>\n<p> Faites vivre \u00e0 vos proches une exp\u00e9rience inoubliable dont ils se souviendront \u00e0 jamais !<\/p>\n\t\t\t\t\t\t\t\t<\/div>\n\t\t\t\t<\/div>\n\t\t\t\t\t<\/div>\n\t\t<\/div>\n\t\t\t\t\t<\/div>\n\t\t<\/section>\n\t\t\t\t<section class=\"has_eae_slider elementor-section elementor-top-section elementor-element elementor-element-135eeb7 elementor-section-boxed elementor-section-height-default elementor-section-height-default\" data-eae-slider=\"51133\" data-id=\"135eeb7\" data-element_type=\"section\" data-e-type=\"section\">\n\t\t\t\t\t\t<div class=\"elementor-container elementor-column-gap-default\">\n\t\t\t\t\t<div class=\"has_eae_slider elementor-column elementor-col-33 elementor-top-column elementor-element elementor-element-a36117e\" data-eae-slider=\"79204\" data-id=\"a36117e\" data-element_type=\"column\" data-e-type=\"column\">\n\t\t\t<div class=\"elementor-widget-wrap elementor-element-populated\">\n\t\t\t\t\t\t<div class=\"elementor-element elementor-element-6e9a78f elementor-flip-box--effect-fade elementor-widget elementor-widget-flip-box\" data-id=\"6e9a78f\" data-element_type=\"widget\" data-e-type=\"widget\" data-widget_type=\"flip-box.default\">\n\t\t\t\t<div class=\"elementor-widget-container\">\n\t\t\t\t\t\t\t<div class=\"elementor-flip-box\" tabindex=\"0\">\n\t\t\t<div class=\"elementor-flip-box__layer elementor-flip-box__front\">\n\t\t\t\t<div class=\"elementor-flip-box__layer__overlay\">\n\t\t\t\t\t<div class=\"elementor-flip-box__layer__inner\">\n\t\t\t\t\t\t\n\t\t\t\t\t\t\t\t\t\t\t\t\t<h3 class=\"elementor-flip-box__layer__title\">\n\t\t\t\t\t\t\t\tMenu de la semaine\t\t\t\t\t\t\t<\/h3>\n\t\t\t\t\t\t\n\t\t\t\t\t\t\t\t\t\t\t<\/div>\n\t\t\t\t<\/div>\n\t\t\t<\/div>\n\t\t\t<a class=\"elementor-flip-box__layer elementor-flip-box__back\" href=\"https:\/\/restauranthotelduran.com\/cheque-regalo\/menu-duran\/\">\n\t\t\t<div class=\"elementor-flip-box__layer__overlay\">\n\t\t\t\t<div class=\"elementor-flip-box__layer__inner\">\n\t\t\t\t\t\t\t\t\t\t\t<h3 class=\"elementor-flip-box__layer__title\">\n\t\t\t\t\t\t\t\u00ab Des plats qui tombent amoureux \u00bb\t\t\t\t\t\t<\/h3>\n\t\t\t\t\t\n\t\t\t\t\t\t\t\t\t\t\t<div class=\"elementor-flip-box__layer__description\">\n\t\t\t\t\t\t\t\"Nos plats du jour sont con\u00e7us pour faire tomber votre palais amoureux des saveurs authentiques et des pr\u00e9sentations impeccables. Laissez-vous surprendre !\t\t\t\t\t\t<\/div>\n\t\t\t\t\t\n\t\t\t\t\t\t\t\t\t\t\t<span class=\"elementor-flip-box__button elementor-button elementor-size-sm\">\n\t\t\t\t\t\t\tEnvoyer le cadeau \t\t\t\t\t\t<\/span>\n\t\t\t\t\t\t\t\t<\/div>\n\t\t<\/div>\n\t\t<\/a>\n\t\t<\/div>\n\t\t\t\t\t\t<\/div>\n\t\t\t\t<\/div>\n\t\t\t\t\t<\/div>\n\t\t<\/div>\n\t\t\t\t<div class=\"has_eae_slider elementor-column elementor-col-33 elementor-top-column elementor-element elementor-element-cf49d57\" data-eae-slider=\"32940\" data-id=\"cf49d57\" data-element_type=\"column\" data-e-type=\"column\">\n\t\t\t<div class=\"elementor-widget-wrap elementor-element-populated\">\n\t\t\t\t\t\t<div class=\"elementor-element elementor-element-041cea9 elementor-flip-box--effect-fade elementor-widget elementor-widget-flip-box\" data-id=\"041cea9\" data-element_type=\"widget\" data-e-type=\"widget\" data-widget_type=\"flip-box.default\">\n\t\t\t\t<div class=\"elementor-widget-container\">\n\t\t\t\t\t\t\t<div class=\"elementor-flip-box\" tabindex=\"0\">\n\t\t\t<div class=\"elementor-flip-box__layer elementor-flip-box__front\">\n\t\t\t\t<div class=\"elementor-flip-box__layer__overlay\">\n\t\t\t\t\t<div class=\"elementor-flip-box__layer__inner\">\n\t\t\t\t\t\t\n\t\t\t\t\t\t\t\t\t\t\t\t\t<h3 class=\"elementor-flip-box__layer__title\">\n\t\t\t\t\t\t\t\tMenu gastronomique\t\t\t\t\t\t\t<\/h3>\n\t\t\t\t\t\t\n\t\t\t\t\t\t\t\t\t\t\t<\/div>\n\t\t\t\t<\/div>\n\t\t\t<\/div>\n\t\t\t<a class=\"elementor-flip-box__layer elementor-flip-box__back\" href=\"https:\/\/restauranthotelduran.com\/cheque-regalo\/gourmet\/\">\n\t\t\t<div class=\"elementor-flip-box__layer__overlay\">\n\t\t\t\t<div class=\"elementor-flip-box__layer__inner\">\n\t\t\t\t\t\t\t\t\t\t\t<h3 class=\"elementor-flip-box__layer__title\">\n\t\t\t\t\t\t\t\u00ab Une symphonie de saveurs \u00bb\t\t\t\t\t\t<\/h3>\n\t\t\t\t\t\n\t\t\t\t\t\t\t\t\t\t\t<div class=\"elementor-flip-box__layer__description\">\n\t\t\t\t\t\t\t\u00ab Laissez-vous emporter par une symphonie de saveurs et de textures avec notre menu gastronomique, soigneusement pr\u00e9par\u00e9 pour vous offrir une exp\u00e9rience culinaire unique. \u00bb\t\t\t\t\t\t<\/div>\n\t\t\t\t\t\n\t\t\t\t\t\t\t\t\t\t\t<span class=\"elementor-flip-box__button elementor-button elementor-size-sm\">\n\t\t\t\t\t\t\tEnvoyer le cadeau \t\t\t\t\t\t<\/span>\n\t\t\t\t\t\t\t\t<\/div>\n\t\t<\/div>\n\t\t<\/a>\n\t\t<\/div>\n\t\t\t\t\t\t<\/div>\n\t\t\t\t<\/div>\n\t\t\t\t\t<\/div>\n\t\t<\/div>\n\t\t\t\t<div class=\"has_eae_slider elementor-column elementor-col-33 elementor-top-column elementor-element elementor-element-d649b69\" data-eae-slider=\"74018\" data-id=\"d649b69\" data-element_type=\"column\" data-e-type=\"column\">\n\t\t\t<div class=\"elementor-widget-wrap elementor-element-populated\">\n\t\t\t\t\t\t<div class=\"elementor-element elementor-element-c5687c7 elementor-flip-box--effect-fade elementor-widget elementor-widget-flip-box\" data-id=\"c5687c7\" data-element_type=\"widget\" data-e-type=\"widget\" data-widget_type=\"flip-box.default\">\n\t\t\t\t<div class=\"elementor-widget-container\">\n\t\t\t\t\t\t\t<div class=\"elementor-flip-box\" tabindex=\"0\">\n\t\t\t<div class=\"elementor-flip-box__layer elementor-flip-box__front\">\n\t\t\t\t<div class=\"elementor-flip-box__layer__overlay\">\n\t\t\t\t\t<div class=\"elementor-flip-box__layer__inner\">\n\t\t\t\t\t\t\n\t\t\t\t\t\t\t\t\t\t\t\t\t<h3 class=\"elementor-flip-box__layer__title\">\n\t\t\t\t\t\t\t\tUne nuit en demi-pension\t\t\t\t\t\t\t<\/h3>\n\t\t\t\t\t\t\n\t\t\t\t\t\t\t\t\t\t\t<\/div>\n\t\t\t\t<\/div>\n\t\t\t<\/div>\n\t\t\t<a class=\"elementor-flip-box__layer elementor-flip-box__back\" href=\"https:\/\/restauranthotelduran.com\/cheque-regalo\/noche-menu\/\">\n\t\t\t<div class=\"elementor-flip-box__layer__overlay\">\n\t\t\t\t<div class=\"elementor-flip-box__layer__inner\">\n\t\t\t\t\t\t\t\t\t\t\t<h3 class=\"elementor-flip-box__layer__title\">\n\t\t\t\t\t\t\t\u00ab Gastronomie et confort en un seul lieu \u00bb\t\t\t\t\t\t<\/h3>\n\t\t\t\t\t\n\t\t\t\t\t\t\t\t\t\t\t<div class=\"elementor-flip-box__layer__description\">\n\t\t\t\t\t\t\t\"Plongez dans une exp\u00e9rience culinaire unique suivie d\u2019une nuit de sommeil r\u00e9paratrice dans nos chambres confortables. L\u2019\u00e9quilibre parfait entre plaisir et d\u00e9tente.\n\n\t\t\t\t\t\t<\/div>\n\t\t\t\t\t\n\t\t\t\t\t\t\t\t\t\t\t<span class=\"elementor-flip-box__button elementor-button elementor-size-sm\">\n\t\t\t\t\t\t\tEnvoyer le cadeau \t\t\t\t\t\t<\/span>\n\t\t\t\t\t\t\t\t<\/div>\n\t\t<\/div>\n\t\t<\/a>\n\t\t<\/div>\n\t\t\t\t\t\t<\/div>\n\t\t\t\t<\/div>\n\t\t\t\t\t<\/div>\n\t\t<\/div>\n\t\t\t\t\t<\/div>\n\t\t<\/section>\n\t\t\t\t<section class=\"has_eae_slider elementor-section elementor-top-section elementor-element elementor-element-811c554 elementor-section-full_width elementor-section-height-min-height elementor-section-items-stretch elementor-hidden-desktop elementor-hidden-tablet elementor-hidden-mobile elementor-section-height-default\" data-eae-slider=\"69903\" data-id=\"811c554\" data-element_type=\"section\" data-e-type=\"section\">\n\t\t\t\t\t\t<div class=\"elementor-container elementor-column-gap-custom\">\n\t\t\t\t\t<div class=\"has_eae_slider elementor-column elementor-col-33 elementor-top-column elementor-element elementor-element-b22eb54\" data-eae-slider=\"40808\" data-id=\"b22eb54\" data-element_type=\"column\" data-e-type=\"column\" data-settings=\"{&quot;background_background&quot;:&quot;classic&quot;}\">\n\t\t\t<div class=\"elementor-widget-wrap elementor-element-populated\">\n\t\t\t\t\t\t<div class=\"elementor-element elementor-element-1fbba04 elementor-widget elementor-widget-heading\" data-id=\"1fbba04\" data-element_type=\"widget\" data-e-type=\"widget\" data-widget_type=\"heading.default\">\n\t\t\t\t<div class=\"elementor-widget-container\">\n\t\t\t\t\t<h2 class=\"elementor-heading-title elementor-size-default\"><a href=\"https:\/\/restauranthotelduran.com\/cheque-regalo\/menu-duran\/\">Menu de la semaine pour 1 personne<br>avec boisson incluse. <\/a><\/h2>\t\t\t\t<\/div>\n\t\t\t\t<\/div>\n\t\t\t\t\t<\/div>\n\t\t<\/div>\n\t\t\t\t<div class=\"has_eae_slider elementor-column elementor-col-33 elementor-top-column elementor-element elementor-element-5103958\" data-eae-slider=\"46573\" data-id=\"5103958\" data-element_type=\"column\" data-e-type=\"column\" data-settings=\"{&quot;background_background&quot;:&quot;classic&quot;}\">\n\t\t\t<div class=\"elementor-widget-wrap elementor-element-populated\">\n\t\t\t\t\t\t<div class=\"elementor-element elementor-element-0b86221 elementor-widget elementor-widget-heading\" data-id=\"0b86221\" data-element_type=\"widget\" data-e-type=\"widget\" data-widget_type=\"heading.default\">\n\t\t\t\t<div class=\"elementor-widget-container\">\n\t\t\t\t\t<h2 class=\"elementor-heading-title elementor-size-default\"><a href=\"https:\/\/restauranthotelduran.com\/cheque-regalo\/gourmet\/\">Menu gastronomique<\/a><\/h2>\t\t\t\t<\/div>\n\t\t\t\t<\/div>\n\t\t\t\t\t<\/div>\n\t\t<\/div>\n\t\t\t\t<div class=\"has_eae_slider elementor-column elementor-col-33 elementor-top-column elementor-element elementor-element-7c06786\" data-eae-slider=\"15624\" data-id=\"7c06786\" data-element_type=\"column\" data-e-type=\"column\" data-settings=\"{&quot;background_background&quot;:&quot;classic&quot;}\">\n\t\t\t<div class=\"elementor-widget-wrap elementor-element-populated\">\n\t\t\t\t\t\t<div class=\"elementor-element elementor-element-38d810f elementor-widget elementor-widget-heading\" data-id=\"38d810f\" data-element_type=\"widget\" data-e-type=\"widget\" data-widget_type=\"heading.default\">\n\t\t\t\t<div class=\"elementor-widget-container\">\n\t\t\t\t\t<h2 class=\"elementor-heading-title elementor-size-default\"><a href=\"https:\/\/restauranthotelduran.com\/cheque-regalo\/noche-menu\/\">Une nuit en demi-pension<\/a><\/h2>\t\t\t\t<\/div>\n\t\t\t\t<\/div>\n\t\t\t\t\t<\/div>\n\t\t<\/div>\n\t\t\t\t\t<\/div>\n\t\t<\/section>\n\t\t\t\t<\/div>\n\t\t","protected":false},"excerpt":{"rendered":"<p>Exp\u00e9riences cadeaux Nos exp\u00e9riences gastronomiques sont le choix id\u00e9al pour ceux qui appr\u00e9cient les plaisirs de la gastronomie et recherchent des exp\u00e9riences uniques. Faites vivre \u00e0 vos proches une exp\u00e9rience &#8230; <\/p>\n<p class=\"read-more-container\"><a title=\"Donne\" class=\"read-more button\" href=\"https:\/\/restauranthotelduran.com\/fr\/donne\/#more-13271\" aria-label=\"En savoir plus sur Donne\">Seguir leyendo<\/a><\/p>\n","protected":false},"author":1,"featured_media":0,"parent":0,"menu_order":0,"comment_status":"closed","ping_status":"closed","template":"elementor_header_footer","meta":{"footnotes":""},"class_list":{"0":"post-13271","1":"page","2":"type-page","3":"status-publish","5":"infinite-scroll-item"},"yoast_head":"<!-- This site is optimized with the Yoast SEO plugin v27.3 - https:\/\/yoast.com\/product\/yoast-seo-wordpress\/ -->\n<title>Donne - Restaurant Hotel Duran<\/title>\n<meta name=\"robots\" content=\"index, follow, max-snippet:-1, max-image-preview:large, max-video-preview:-1\" \/>\n<link rel=\"canonical\" href=\"https:\/\/restauranthotelduran.com\/fr\/donne\/\" \/>\n<meta property=\"og:locale\" content=\"fr_FR\" \/>\n<meta property=\"og:type\" content=\"article\" \/>\n<meta property=\"og:title\" content=\"Donne - Restaurant Hotel Duran\" \/>\n<meta property=\"og:description\" content=\"Exp\u00e9riences cadeaux Nos exp\u00e9riences gastronomiques sont le choix id\u00e9al pour ceux qui appr\u00e9cient les plaisirs de la gastronomie et recherchent des exp\u00e9riences uniques. Faites vivre \u00e0 vos proches une exp\u00e9rience ... Seguir leyendo\" \/>\n<meta property=\"og:url\" content=\"https:\/\/restauranthotelduran.com\/fr\/donne\/\" \/>\n<meta property=\"og:site_name\" content=\"Restaurant Hotel Duran\" \/>\n<meta property=\"article:modified_time\" content=\"2025-04-23T10:52:42+00:00\" \/>\n<meta name=\"twitter:card\" content=\"summary_large_image\" \/>\n<meta name=\"twitter:label1\" content=\"Dur\u00e9e de lecture estim\u00e9e\" \/>\n\t<meta name=\"twitter:data1\" content=\"1 minute\" \/>\n<script type=\"application\/ld+json\" class=\"yoast-schema-graph\">{\"@context\":\"https:\\\/\\\/schema.org\",\"@graph\":[{\"@type\":\"WebPage\",\"@id\":\"https:\\\/\\\/restauranthotelduran.com\\\/fr\\\/donne\\\/\",\"url\":\"https:\\\/\\\/restauranthotelduran.com\\\/fr\\\/donne\\\/\",\"name\":\"Donne - Restaurant Hotel Duran\",\"isPartOf\":{\"@id\":\"https:\\\/\\\/restauranthotelduran.com\\\/fr\\\/#website\"},\"datePublished\":\"2024-11-25T12:39:30+00:00\",\"dateModified\":\"2025-04-23T10:52:42+00:00\",\"breadcrumb\":{\"@id\":\"https:\\\/\\\/restauranthotelduran.com\\\/fr\\\/donne\\\/#breadcrumb\"},\"inLanguage\":\"fr-FR\",\"potentialAction\":[{\"@type\":\"ReadAction\",\"target\":[\"https:\\\/\\\/restauranthotelduran.com\\\/fr\\\/donne\\\/\"]}]},{\"@type\":\"BreadcrumbList\",\"@id\":\"https:\\\/\\\/restauranthotelduran.com\\\/fr\\\/donne\\\/#breadcrumb\",\"itemListElement\":[{\"@type\":\"ListItem\",\"position\":1,\"name\":\"Portada\",\"item\":\"https:\\\/\\\/restauranthotelduran.com\\\/fr\\\/\"},{\"@type\":\"ListItem\",\"position\":2,\"name\":\"Donne\"}]},{\"@type\":\"WebSite\",\"@id\":\"https:\\\/\\\/restauranthotelduran.com\\\/fr\\\/#website\",\"url\":\"https:\\\/\\\/restauranthotelduran.com\\\/fr\\\/\",\"name\":\"Restaurant Hotel Duran\",\"description\":\"Restauran Hotel Duran a Figueres\",\"publisher\":{\"@id\":\"https:\\\/\\\/restauranthotelduran.com\\\/fr\\\/#organization\"},\"potentialAction\":[{\"@type\":\"SearchAction\",\"target\":{\"@type\":\"EntryPoint\",\"urlTemplate\":\"https:\\\/\\\/restauranthotelduran.com\\\/fr\\\/?s={search_term_string}\"},\"query-input\":{\"@type\":\"PropertyValueSpecification\",\"valueRequired\":true,\"valueName\":\"search_term_string\"}}],\"inLanguage\":\"fr-FR\"},{\"@type\":\"Organization\",\"@id\":\"https:\\\/\\\/restauranthotelduran.com\\\/fr\\\/#organization\",\"name\":\"Restaurant Hotel Duran\",\"url\":\"https:\\\/\\\/restauranthotelduran.com\\\/fr\\\/\",\"logo\":{\"@type\":\"ImageObject\",\"inLanguage\":\"fr-FR\",\"@id\":\"https:\\\/\\\/restauranthotelduran.com\\\/fr\\\/#\\\/schema\\\/logo\\\/image\\\/\",\"url\":\"https:\\\/\\\/restauranthotelduran.com\\\/wp-content\\\/uploads\\\/2024\\\/09\\\/logo_duran_menu.png\",\"contentUrl\":\"https:\\\/\\\/restauranthotelduran.com\\\/wp-content\\\/uploads\\\/2024\\\/09\\\/logo_duran_menu.png\",\"width\":652,\"height\":306,\"caption\":\"Restaurant Hotel Duran\"},\"image\":{\"@id\":\"https:\\\/\\\/restauranthotelduran.com\\\/fr\\\/#\\\/schema\\\/logo\\\/image\\\/\"}}]}<\/script>\n<!-- \/ Yoast SEO plugin. -->","yoast_head_json":{"title":"Donne - Restaurant Hotel Duran","robots":{"index":"index","follow":"follow","max-snippet":"max-snippet:-1","max-image-preview":"max-image-preview:large","max-video-preview":"max-video-preview:-1"},"canonical":"https:\/\/restauranthotelduran.com\/fr\/donne\/","og_locale":"fr_FR","og_type":"article","og_title":"Donne - Restaurant Hotel Duran","og_description":"Exp\u00e9riences cadeaux Nos exp\u00e9riences gastronomiques sont le choix id\u00e9al pour ceux qui appr\u00e9cient les plaisirs de la gastronomie et recherchent des exp\u00e9riences uniques. Faites vivre \u00e0 vos proches une exp\u00e9rience ... Seguir leyendo","og_url":"https:\/\/restauranthotelduran.com\/fr\/donne\/","og_site_name":"Restaurant Hotel Duran","article_modified_time":"2025-04-23T10:52:42+00:00","twitter_card":"summary_large_image","twitter_misc":{"Dur\u00e9e de lecture estim\u00e9e":"1 minute"},"schema":{"@context":"https:\/\/schema.org","@graph":[{"@type":"WebPage","@id":"https:\/\/restauranthotelduran.com\/fr\/donne\/","url":"https:\/\/restauranthotelduran.com\/fr\/donne\/","name":"Donne - Restaurant Hotel Duran","isPartOf":{"@id":"https:\/\/restauranthotelduran.com\/fr\/#website"},"datePublished":"2024-11-25T12:39:30+00:00","dateModified":"2025-04-23T10:52:42+00:00","breadcrumb":{"@id":"https:\/\/restauranthotelduran.com\/fr\/donne\/#breadcrumb"},"inLanguage":"fr-FR","potentialAction":[{"@type":"ReadAction","target":["https:\/\/restauranthotelduran.com\/fr\/donne\/"]}]},{"@type":"BreadcrumbList","@id":"https:\/\/restauranthotelduran.com\/fr\/donne\/#breadcrumb","itemListElement":[{"@type":"ListItem","position":1,"name":"Portada","item":"https:\/\/restauranthotelduran.com\/fr\/"},{"@type":"ListItem","position":2,"name":"Donne"}]},{"@type":"WebSite","@id":"https:\/\/restauranthotelduran.com\/fr\/#website","url":"https:\/\/restauranthotelduran.com\/fr\/","name":"Restaurant Hotel Duran","description":"Restauran Hotel Duran a Figueres","publisher":{"@id":"https:\/\/restauranthotelduran.com\/fr\/#organization"},"potentialAction":[{"@type":"SearchAction","target":{"@type":"EntryPoint","urlTemplate":"https:\/\/restauranthotelduran.com\/fr\/?s={search_term_string}"},"query-input":{"@type":"PropertyValueSpecification","valueRequired":true,"valueName":"search_term_string"}}],"inLanguage":"fr-FR"},{"@type":"Organization","@id":"https:\/\/restauranthotelduran.com\/fr\/#organization","name":"Restaurant Hotel Duran","url":"https:\/\/restauranthotelduran.com\/fr\/","logo":{"@type":"ImageObject","inLanguage":"fr-FR","@id":"https:\/\/restauranthotelduran.com\/fr\/#\/schema\/logo\/image\/","url":"https:\/\/restauranthotelduran.com\/wp-content\/uploads\/2024\/09\/logo_duran_menu.png","contentUrl":"https:\/\/restauranthotelduran.com\/wp-content\/uploads\/2024\/09\/logo_duran_menu.png","width":652,"height":306,"caption":"Restaurant Hotel Duran"},"image":{"@id":"https:\/\/restauranthotelduran.com\/fr\/#\/schema\/logo\/image\/"}}]}},"_hostinger_reach_plugin_has_subscription_block":false,"_hostinger_reach_plugin_is_elementor":false,"_links":{"self":[{"href":"https:\/\/restauranthotelduran.com\/fr\/wp-json\/wp\/v2\/pages\/13271","targetHints":{"allow":["GET"]}}],"collection":[{"href":"https:\/\/restauranthotelduran.com\/fr\/wp-json\/wp\/v2\/pages"}],"about":[{"href":"https:\/\/restauranthotelduran.com\/fr\/wp-json\/wp\/v2\/types\/page"}],"author":[{"embeddable":true,"href":"https:\/\/restauranthotelduran.com\/fr\/wp-json\/wp\/v2\/users\/1"}],"replies":[{"embeddable":true,"href":"https:\/\/restauranthotelduran.com\/fr\/wp-json\/wp\/v2\/comments?post=13271"}],"version-history":[{"count":3,"href":"https:\/\/restauranthotelduran.com\/fr\/wp-json\/wp\/v2\/pages\/13271\/revisions"}],"predecessor-version":[{"id":13898,"href":"https:\/\/restauranthotelduran.com\/fr\/wp-json\/wp\/v2\/pages\/13271\/revisions\/13898"}],"wp:attachment":[{"href":"https:\/\/restauranthotelduran.com\/fr\/wp-json\/wp\/v2\/media?parent=13271"}],"curies":[{"name":"wp","href":"https:\/\/api.w.org\/{rel}","templated":true}]}}