{"id":3999,"date":"2019-12-13T14:42:38","date_gmt":"2019-12-13T13:42:38","guid":{"rendered":"https:\/\/restauranthotelduran.com\/politica-de-cookies\/"},"modified":"2020-10-30T09:08:31","modified_gmt":"2020-10-30T08:08:31","slug":"politica-de-cookies","status":"publish","type":"page","link":"https:\/\/restauranthotelduran.com\/fr\/politica-de-cookies\/","title":{"rendered":"Pol\u00edtica de cookies"},"content":{"rendered":"\t\t<div data-elementor-type=\"wp-page\" data-elementor-id=\"3999\" class=\"elementor elementor-3999 elementor-1519\" data-elementor-post-type=\"page\">\n\t\t\t\t\t\t<section class=\"has_eae_slider elementor-section elementor-top-section elementor-element elementor-element-d25f6e6 elementor-section-full_width elementor-section-height-min-height elementor-section-height-default elementor-section-items-middle\" data-eae-slider=\"80827\" data-id=\"d25f6e6\" data-element_type=\"section\" data-e-type=\"section\" data-settings=\"{&quot;background_background&quot;:&quot;classic&quot;}\">\n\t\t\t\t\t\t<div class=\"elementor-container elementor-column-gap-default\">\n\t\t\t\t\t<div class=\"has_eae_slider elementor-column elementor-col-100 elementor-top-column elementor-element elementor-element-79edf82\" data-eae-slider=\"99233\" data-id=\"79edf82\" data-element_type=\"column\" data-e-type=\"column\">\n\t\t\t<div class=\"elementor-widget-wrap elementor-element-populated\">\n\t\t\t\t\t\t<div class=\"elementor-element elementor-element-f863f8a elementor-widget elementor-widget-heading\" data-id=\"f863f8a\" data-element_type=\"widget\" data-e-type=\"widget\" data-widget_type=\"heading.default\">\n\t\t\t\t<div class=\"elementor-widget-container\">\n\t\t\t\t\t<h1 class=\"elementor-heading-title elementor-size-default\">Pol\u00edtica de cookies<\/h1>\t\t\t\t<\/div>\n\t\t\t\t<\/div>\n\t\t\t\t\t<\/div>\n\t\t<\/div>\n\t\t\t\t\t<\/div>\n\t\t<\/section>\n\t\t\t\t<section class=\"has_eae_slider elementor-section elementor-top-section elementor-element elementor-element-91fa52d elementor-section-boxed elementor-section-height-default elementor-section-height-default\" data-eae-slider=\"70379\" data-id=\"91fa52d\" data-element_type=\"section\" data-e-type=\"section\">\n\t\t\t\t\t\t<div class=\"elementor-container elementor-column-gap-default\">\n\t\t\t\t\t<div class=\"has_eae_slider elementor-column elementor-col-100 elementor-top-column elementor-element elementor-element-86b748c\" data-eae-slider=\"95473\" data-id=\"86b748c\" data-element_type=\"column\" data-e-type=\"column\">\n\t\t\t<div class=\"elementor-widget-wrap elementor-element-populated\">\n\t\t\t\t\t\t<div class=\"elementor-element elementor-element-118e299 elementor-widget elementor-widget-text-editor\" data-id=\"118e299\" data-element_type=\"widget\" data-e-type=\"widget\" data-widget_type=\"text-editor.default\">\n\t\t\t\t<div class=\"elementor-widget-container\">\n\t\t\t\t\t\t\t\t\t<h2>\u00bfQu\u00e9 son las cookies?<\/h2><p>\u00a0<\/p><p>Una cookie es un fichero que se descarga en su ordenador al acceder a determinadas p\u00e1ginas web. Las cookies permiten a una p\u00e1gina web, entre otras cosas, almacenar y recuperar informaci\u00f3n sobre h\u00e1bitos de navegaci\u00f3n de un usuario o de su equipo y, dependiendo de la informaci\u00f3n que contengan y de la forma que utilice su equipo, pueden utilizarse para reconocer al usuario.<\/p><p>\u00a0<\/p><p>\u00bfPara qu\u00e9 se utilizan las cookies y cu\u00e1les suelen ser sus finalidades?<\/p><p>\u00a0<\/p><ul><li>Cookies de an\u00e1lisis: son aquellas cookies que bien, tratadas por nosotros o por terceros, nos permiten cuantificar el n\u00famero de usuarios y as\u00ed realizar la medici\u00f3n y an\u00e1lisis estad\u00edstico de la utilizaci\u00f3n que hacen los usuarios del servicio. Para ello se analiza su navegaci\u00f3n en nuestra p\u00e1gina web con el fin de mejorar la experiencia del usuario.<br \/><br \/><\/li><li>Cookies t\u00e9cnicas: Son aquellas que permiten al usuario la navegaci\u00f3n a trav\u00e9s de la p\u00e1gina web o aplicaci\u00f3n y la utilizaci\u00f3n de las diferentes opciones o servicios que en ella existen. Por ejemplo, controlar el tr\u00e1fico y la comunicaci\u00f3n de datos, identificar la sesi\u00f3n, acceder a las partes web de acceso restringido, recordar los elementos que integran un pedido, realizar la solicitud de inscripci\u00f3n o participaci\u00f3n en un evento, utilizar elementos de seguridad durante la navegaci\u00f3n y almacenar contenidos para la difusi\u00f3n de videos o sonido.<\/li><\/ul><p>\u00a0<\/p><ul><li>Cookies sobre personalizaci\u00f3n: Son aqu\u00e9llas que permiten al usuario acceder al servicio con algunas caracter\u00edsticas de car\u00e1cter general predefinidas en su terminal o que el propio usuario defina. Por ejemplo, el idioma, el tipo de navegador a trav\u00e9s del cual accede al servicio, el dise\u00f1o de contenidos seleccionado, geolocalizaci\u00f3n del terminal y la configuraci\u00f3n regional desde donde se accede al servicio.<\/li><\/ul><p>\u00a0<\/p><ul><li>Cookies sobre preferencias: Estas cookies permiten que nuestros sitios web recuerden informaci\u00f3n que cambia el aspecto o el comportamiento del sitio como, por ejemplo, tu idioma preferido o la regi\u00f3n en la que te encuentras. Por ejemplo, al recordar tu regi\u00f3n, un sitio web puede proporcionarte noticias sobre el tr\u00e1fico o boletines meteorol\u00f3gicos locales. Estas cookies tambi\u00e9n te permiten cambiar el tama\u00f1o del texto, la fuente y otras partes de las p\u00e1ginas web que puedes personalizar.<\/li><\/ul><p>\u00a0<\/p><ul><li>Cookies publicitarias: Son aqu\u00e9llas que permiten la gesti\u00f3n eficaz de los espacios publicitarios que se han incluido en la p\u00e1gina web o aplicaci\u00f3n desde la que se presta el servicio. Permiten adecuar el contenido de la publicidad para que esta sea relevante para el usuario y para evitar mostrar anuncios que el usuario ya haya visto.<\/li><\/ul><h2>\u00bfQu\u00e9 tipos de cookies utiliza esta p\u00e1gina web?<\/h2><p><strong><em>Cookies utilizadas en este sitio web.<\/em><\/strong><\/p><p>Siguiendo las directrices de la Agencia Espa\u00f1ola de Protecci\u00f3n de Datos, procedemos a detallar el uso de las\u00a0<em>cookies<\/em>\u00a0que esta p\u00e1gina web emplea, con el fin de proporcionarle la m\u00e1xima informaci\u00f3n posible. \u00a0<\/p><p><strong><em>Cookies Propias:<\/em><\/strong><\/p><p>Son aquellas que se env\u00edan al equipo terminal del usuario desde un equipo o dominio gestionado por el propio editor y desde el que se presta el servicio solicitado por el usuario.<\/p><p>A continuaci\u00f3n, la lista de las que utilizamos:<\/p>\t\t\t\t\t\t\t\t<\/div>\n\t\t\t\t<\/div>\n\t\t\t\t<div class=\"elementor-element elementor-element-9e4e94d elementor-tabs-view-vertical elementor-widget elementor-widget-tabs\" data-id=\"9e4e94d\" data-element_type=\"widget\" data-e-type=\"widget\" data-widget_type=\"tabs.default\">\n\t\t\t\t<div class=\"elementor-widget-container\">\n\t\t\t\t\t\t\t<div class=\"elementor-tabs\">\n\t\t\t<div class=\"elementor-tabs-wrapper\" role=\"tablist\" >\n\t\t\t\t\t\t\t\t\t<div id=\"elementor-tab-title-1651\" class=\"elementor-tab-title elementor-tab-desktop-title\" aria-selected=\"true\" data-tab=\"1\" role=\"tab\" tabindex=\"0\" aria-controls=\"elementor-tab-content-1651\" aria-expanded=\"false\">Comment cookies<\/div>\n\t\t\t\t\t\t\t<\/div>\n\t\t\t<div class=\"elementor-tabs-content-wrapper\" role=\"tablist\" aria-orientation=\"vertical\">\n\t\t\t\t\t\t\t\t\t<div class=\"elementor-tab-title elementor-tab-mobile-title\" aria-selected=\"true\" data-tab=\"1\" role=\"tab\" tabindex=\"0\" aria-controls=\"elementor-tab-content-1651\" aria-expanded=\"false\">Comment cookies<\/div>\n\t\t\t\t\t<div id=\"elementor-tab-content-1651\" class=\"elementor-tab-content elementor-clearfix\" data-tab=\"1\" role=\"tabpanel\" aria-labelledby=\"elementor-tab-title-1651\" tabindex=\"0\" hidden=\"false\"><p>Nombre: comment_author_[hash], comment_author_email_[hash], comment_author_url_[hash].<\/p><p>Tipo: Cookie de sessi\u00f3n.<\/p><p>Proveedor: DOMINIO<\/p><p>Finalidad: Recordar los datos del usuario para rellenarlos en la proxima sesi\u00f3n para rellenar el formulario.<\/p><p>Duraci\u00f3n: 347 d\u00edas.<\/p><\/div>\n\t\t\t\t\t\t\t<\/div>\n\t\t<\/div>\n\t\t\t\t\t\t<\/div>\n\t\t\t\t<\/div>\n\t\t\t\t<div class=\"elementor-element elementor-element-410f5ca elementor-widget elementor-widget-text-editor\" data-id=\"410f5ca\" data-element_type=\"widget\" data-e-type=\"widget\" data-widget_type=\"text-editor.default\">\n\t\t\t\t<div class=\"elementor-widget-container\">\n\t\t\t\t\t\t\t\t\t<p><strong><em>Cookies de Terceros:<\/em><\/strong><\/p><p>Son aquellas que se env\u00edan al equipo terminal del usuario desde un equipo o dominio que no es gestionado por el editor, sino por otra entidad que trata los datos obtenidos trav\u00e9s de las cookies.<\/p><p>A continuaci\u00f3n la lista de las que utilizamos:<\/p>\t\t\t\t\t\t\t\t<\/div>\n\t\t\t\t<\/div>\n\t\t\t\t<div class=\"elementor-element elementor-element-85e3e30 elementor-tabs-view-vertical elementor-widget elementor-widget-tabs\" data-id=\"85e3e30\" data-element_type=\"widget\" data-e-type=\"widget\" data-widget_type=\"tabs.default\">\n\t\t\t\t<div class=\"elementor-widget-container\">\n\t\t\t\t\t\t\t<div class=\"elementor-tabs\">\n\t\t\t<div class=\"elementor-tabs-wrapper\" role=\"tablist\" >\n\t\t\t\t\t\t\t\t\t<div id=\"elementor-tab-title-1401\" class=\"elementor-tab-title elementor-tab-desktop-title\" aria-selected=\"true\" data-tab=\"1\" role=\"tab\" tabindex=\"0\" aria-controls=\"elementor-tab-content-1401\" aria-expanded=\"false\">Google Analytics<\/div>\n\t\t\t\t\t\t\t\t\t<div id=\"elementor-tab-title-1402\" class=\"elementor-tab-title elementor-tab-desktop-title\" aria-selected=\"false\" data-tab=\"2\" role=\"tab\" tabindex=\"-1\" aria-controls=\"elementor-tab-content-1402\" aria-expanded=\"false\">WPML<\/div>\n\t\t\t\t\t\t\t\t\t<div id=\"elementor-tab-title-1403\" class=\"elementor-tab-title elementor-tab-desktop-title\" aria-selected=\"false\" data-tab=\"3\" role=\"tab\" tabindex=\"-1\" aria-controls=\"elementor-tab-content-1403\" aria-expanded=\"false\">Woocommerce<\/div>\n\t\t\t\t\t\t\t<\/div>\n\t\t\t<div class=\"elementor-tabs-content-wrapper\" role=\"tablist\" aria-orientation=\"vertical\">\n\t\t\t\t\t\t\t\t\t<div class=\"elementor-tab-title elementor-tab-mobile-title\" aria-selected=\"true\" data-tab=\"1\" role=\"tab\" tabindex=\"0\" aria-controls=\"elementor-tab-content-1401\" aria-expanded=\"false\">Google Analytics<\/div>\n\t\t\t\t\t<div id=\"elementor-tab-content-1401\" class=\"elementor-tab-content elementor-clearfix\" data-tab=\"1\" role=\"tabpanel\" aria-labelledby=\"elementor-tab-title-1401\" tabindex=\"0\" hidden=\"false\"><p>Nombre: Google Analytics: _gat, _gid.<\/p><p>Tipo: Cookies anal\u00edticas.<\/p><p>Proveedor: Google.<\/p><p>Finalidad: Sirven para analizar la experiencia de navegaci\u00f3n del usuario, y permitirnos mejorar nuestra Web para adaptarnos a sus necesidades. Normalmente permanecen un tiempo en el navegador de usuario, hasta que se borren las cookies del navegador o pase el tiempo definido para su eliminaci\u00f3n. M\u00e1s informaci\u00f3n:\u00a0<a href=\"https:\/\/support.google.com\/analytics\/answer\/6004245?hl=es\">https:\/\/support.google.com\/analytics\/answer\/6004245?hl=es<\/a>.<\/p><p><strong>Opt-Out:\u00a0<\/strong><a href=\"https:\/\/tools.google.com\/dlpage\/gaoptout\">https:\/\/tools.google.com\/dlpage\/gaoptout<\/a><\/p><p>Duraci\u00f3n: _ga: 2 a\u00f1os; _gat: duraci\u00f3n de la sesi\u00f3n; _gid: 1 d\u00eda.<\/p><\/div>\n\t\t\t\t\t\t\t\t\t<div class=\"elementor-tab-title elementor-tab-mobile-title\" aria-selected=\"false\" data-tab=\"2\" role=\"tab\" tabindex=\"-1\" aria-controls=\"elementor-tab-content-1402\" aria-expanded=\"false\">WPML<\/div>\n\t\t\t\t\t<div id=\"elementor-tab-content-1402\" class=\"elementor-tab-content elementor-clearfix\" data-tab=\"2\" role=\"tabpanel\" aria-labelledby=\"elementor-tab-title-1402\" tabindex=\"0\" hidden=\"hidden\"><p>Nombre: Browser Cookies Stored<\/p><p>Tipo: Cookies de idioma.<\/p><p>Finalidad y caducidad:\u00a0<\/p><ul><li><code>_icl_current_language<\/code>\u00a0\u2013 Almacena el idioma actual \u2013 1 d\u00eda<\/li><li><code>_icl_current_admin_language_{hash}<\/code>\u00a0\u2013 Almacena el idioma actual del \u00e1rea de administraci\u00f3n de WordPress. \u2013 1 d\u00eda<\/li><li><code>_icl_visitor_lang_js<\/code>\u00a0\u2013 Almacena el idioma redirigido. \u2013 1 d\u00eda<\/li><li><code>wpml_browser_redirect_test<\/code>\u00a0\u2013 Comprueba si las cookies est\u00e1n habilitadas. \u2013 sesi\u00f3n (destruido tan pronto como se cierra el navegador)<\/li><li><code>wpml_referer_url<\/code>\u00a0\u2013 Almacena la \u00faltima URL solicitada en el front-end. \u2013 sesi\u00f3n (destruido tan pronto como se cierra el navegador)<\/li><li><code>wpml_admin_referer_url<\/code>\u00a0\u2013 Almacena la \u00faltima URL solicitada en el back-end. \u2013 sesi\u00f3n (destruido tan pronto como se cierra el navegador)<\/li><\/ul><\/div>\n\t\t\t\t\t\t\t\t\t<div class=\"elementor-tab-title elementor-tab-mobile-title\" aria-selected=\"false\" data-tab=\"3\" role=\"tab\" tabindex=\"-1\" aria-controls=\"elementor-tab-content-1403\" aria-expanded=\"false\">Woocommerce<\/div>\n\t\t\t\t\t<div id=\"elementor-tab-content-1403\" class=\"elementor-tab-content elementor-clearfix\" data-tab=\"3\" role=\"tabpanel\" aria-labelledby=\"elementor-tab-title-1403\" tabindex=\"0\" hidden=\"hidden\"><ul><li><em>woocommerce_cart_hash :<\/em>\u00a0Coookie que ayuda a detectar y guardar cambios en el carrito.\u00a0<strong>Sesi\u00f3n.<\/strong><\/li><li><em>woocommerce_items_in_cart<\/em>: Coookie que ayuda a detectar y guardar cambios en el carrito.\u00a0<strong>Sesi\u00f3n.<\/strong><\/li><li><em>woocommerce_recently_viewed\u00a0<\/em>: Para que funcione el widget de \u201cvisto recientemente\u201d.\u00a0<strong>Sesi\u00f3n.<\/strong><\/li><li><em>store_notice[notice id]<\/em>: Para que los usuarios puedan descartar el\u00a0<a href=\"https:\/\/docs.woocommerce.com\/document\/woocommerce-customizer\/#section-2\">aviso de tienda<\/a>.\u00a0<strong>Sesi\u00f3n.<\/strong><\/li><li><em>wp_woocommerce_session_<\/em>: A\u00f1ade un c\u00f3digo \u00fanico a cada cliente para poder identificar su carrito en la base de datos.\u00a0<strong>Persistente. Duraci\u00f3n<\/strong>: 2 d\u00edas.<\/li><\/ul><\/div>\n\t\t\t\t\t\t\t<\/div>\n\t\t<\/div>\n\t\t\t\t\t\t<\/div>\n\t\t\t\t<\/div>\n\t\t\t\t<div class=\"elementor-element elementor-element-a64bc15 elementor-widget elementor-widget-text-editor\" data-id=\"a64bc15\" data-element_type=\"widget\" data-e-type=\"widget\" data-widget_type=\"text-editor.default\">\n\t\t\t\t<div class=\"elementor-widget-container\">\n\t\t\t\t\t\t\t\t\t<p class=\"ParrafoJustificado\">Nota: Las cookies de tipo &lsquo;Propias&rsquo; son utilizadas s\u00f3lo por el propietario de esta web y las cookies &lsquo;De terceros&rsquo; son utilizadas, por el prestador del servicio que est\u00e1 detallado en el cuadro anterior.<\/p><p>\u00a0<\/p><p class=\"ParrafoJustificado\">DURAN HOTEL &amp; RESTAURANT no se hace responsable, en ning\u00fan caso ni del contenido ni de la veracidad de las pol\u00edticas y\/o condiciones de uso y privacidad de los terceros, incluidos, a trav\u00e9s de los enlaces, en esta pol\u00edtica.<\/p><p>\u00a0<\/p><h2>\u00bfC\u00f3mo puedo desactivar o eliminar estas cookies?<\/h2><p>Puede usted permitir, bloquear o eliminar las cookies instaladas en su equipo mediante la configuraci\u00f3n de las opciones del navegador instalado en su ordenador:<\/p><p>\u00a0<\/p><p>Firefox:<\/p><p>\u00a0<\/p><p><a href=\"http:\/\/support.mozilla.org\/es\/kb\/habilitar-y-deshabilitar-cookies-que-los-sitios-we\">http:\/\/support.mozilla.org\/es\/kb\/habilitar-y-deshabilitar-cookies-que-los-sitios-we<\/a><\/p><p>\u00a0<\/p><p>Chrome:<\/p><p>\u00a0<\/p><p><a href=\"http:\/\/support.google.com\/chrome\/bin\/answer.py?hl=es&amp;answer=95647\">http:\/\/support.google.com\/chrome\/bin\/answer.py?hl=es&amp;answer=95647<\/a><\/p><p>\u00a0<\/p><p><strong>Para Android\u00a0<\/strong><\/p><p>\u00a0<\/p><p><a href=\"https:\/\/support.google.com\/chrome\/answer\/2392971?hl=es\">https:\/\/support.google.com\/chrome\/answer\/2392971?hl=es<\/a><\/p><p>\u00a0<\/p><p><strong>Explorer<\/strong>:<\/p><p>\u00a0<\/p><p><a href=\"http:\/\/windows.microsoft.com\/es-es\/windows7\/how-to-manage-cookies-in-internet-explorer-9\">http:\/\/windows.microsoft.com\/es-es\/windows7\/how-to-manage-cookies-in-internet-explorer-9<\/a><\/p><p>\u00a0<\/p><p><strong>Safari:<\/strong><\/p><p><strong>\u00a0<\/strong><\/p><p><a href=\"http:\/\/support.apple.com\/kb\/ph5042\">http:\/\/support.apple.com\/kb\/ph5042<\/a><\/p><p><strong>Para iOS (iPhone y iPad)<\/strong><\/p><p>\u00a0<\/p><p><a href=\"https:\/\/help.opera.com\/en\/latest\/security-and-privacy\/\">https:\/\/help.opera.com\/en\/latest\/security-and-privacy\/<\/a><\/p><p><u>\u00a0<\/u><\/p><p><a href=\"https:\/\/support.google.com\/chrome\/answer\/95647?hl=es&amp;co=GENIE.Platform%3DiOS&amp;oco=1\">https:\/\/support.google.com\/chrome\/answer\/95647?hl=es&amp;co=GENIE.Platform%3DiOS&amp;oco=1<\/a><\/p><p><strong>\u00a0<\/strong><\/p><p><strong>Opera<\/strong><\/p><p><strong>\u00a0<\/strong><\/p><p><a href=\"https:\/\/www.opera.com\/es\/terms\">https:\/\/www.opera.com\/es\/terms<\/a><\/p><p>\u00a0<\/p><p><a href=\"http:\/\/www.allaboutcookies.org\/es\/administrar-las-cookies\/opera.html\">http:\/\/www.allaboutcookies.org\/es\/administrar-las-cookies\/opera.html<\/a><\/p><p>\u00a0<\/p><p>\u00a0<\/p><p><strong>Otros navegadores<\/strong><\/p><p>\u00a0<\/p><p>Consulte la documentaci\u00f3n del navegador que tenga instalado.<\/p><p>\u00a0<\/p><p>Complemento de inhabilitaci\u00f3n para navegadores de Google Analytics<\/p><p>\u00a0<\/p><p>Si desea rechazar las cookies anal\u00edticas de Google Analytics en todos los navegadores, de forma que no se env\u00ede informaci\u00f3n suya a Google Analytics, puede descargar un complemento que realiza esta funci\u00f3n desde este enlace: <a href=\"https:\/\/tools.google.com\/dlpage\/gaoptout\">https:\/\/tools.google.com\/dlpage\/gaoptout<\/a><\/p><p>\u00a0<\/p><h2>Actualizaciones de la pol\u00edtica de cookies<\/h2><p>\u00a0<\/p><p>Esta p\u00e1gina web puede modificar esta Pol\u00edtica de Cookies, con el fin de estar adecuadamente informado sobre el uso que hacemos de las cookies, le recomendamos revisar esta cada vez que acceda a nuestra p\u00e1gina web.<\/p>\t\t\t\t\t\t\t\t<\/div>\n\t\t\t\t<\/div>\n\t\t\t\t\t<\/div>\n\t\t<\/div>\n\t\t\t\t\t<\/div>\n\t\t<\/section>\n\t\t\t\t<\/div>\n\t\t","protected":false},"excerpt":{"rendered":"<p>Pol\u00edtica de cookies \u00bfQu\u00e9 son las cookies? \u00a0 Una cookie es un fichero que se descarga en su ordenador al acceder a determinadas p\u00e1ginas web. Las cookies permiten a una &#8230; <\/p>\n<p class=\"read-more-container\"><a title=\"Pol\u00edtica de cookies\" class=\"read-more button\" href=\"https:\/\/restauranthotelduran.com\/fr\/politica-de-cookies\/#more-3999\" aria-label=\"En savoir plus sur Pol\u00edtica de cookies\">Seguir leyendo<\/a><\/p>\n","protected":false},"author":1,"featured_media":0,"parent":0,"menu_order":0,"comment_status":"closed","ping_status":"closed","template":"","meta":{"footnotes":""},"class_list":{"0":"post-3999","1":"page","2":"type-page","3":"status-publish","5":"infinite-scroll-item"},"yoast_head":"<!-- This site is optimized with the Yoast SEO plugin v27.3 - https:\/\/yoast.com\/product\/yoast-seo-wordpress\/ -->\n<title>Pol\u00edtica de cookies - Restaurant Hotel Duran<\/title>\n<meta name=\"robots\" content=\"noindex, follow\" \/>\n<meta property=\"og:locale\" content=\"fr_FR\" \/>\n<meta property=\"og:type\" content=\"article\" \/>\n<meta property=\"og:title\" content=\"Pol\u00edtica de cookies - Restaurant Hotel Duran\" \/>\n<meta property=\"og:description\" content=\"Pol\u00edtica de cookies \u00bfQu\u00e9 son las cookies? \u00a0 Una cookie es un fichero que se descarga en su ordenador al acceder a determinadas p\u00e1ginas web. Las cookies permiten a una ... Seguir leyendo\" \/>\n<meta property=\"og:url\" content=\"https:\/\/restauranthotelduran.com\/fr\/politica-de-cookies\/\" \/>\n<meta property=\"og:site_name\" content=\"Restaurant Hotel Duran\" \/>\n<meta property=\"article:modified_time\" content=\"2020-10-30T08:08:31+00:00\" \/>\n<meta name=\"twitter:card\" content=\"summary_large_image\" \/>\n<meta name=\"twitter:label1\" content=\"Dur\u00e9e de lecture estim\u00e9e\" \/>\n\t<meta name=\"twitter:data1\" content=\"6 minutes\" \/>\n<script type=\"application\/ld+json\" class=\"yoast-schema-graph\">{\"@context\":\"https:\\\/\\\/schema.org\",\"@graph\":[{\"@type\":\"WebPage\",\"@id\":\"https:\\\/\\\/restauranthotelduran.com\\\/fr\\\/politica-de-cookies\\\/\",\"url\":\"https:\\\/\\\/restauranthotelduran.com\\\/fr\\\/politica-de-cookies\\\/\",\"name\":\"Pol\u00edtica de cookies - Restaurant Hotel Duran\",\"isPartOf\":{\"@id\":\"https:\\\/\\\/restauranthotelduran.com\\\/fr\\\/#website\"},\"datePublished\":\"2019-12-13T13:42:38+00:00\",\"dateModified\":\"2020-10-30T08:08:31+00:00\",\"breadcrumb\":{\"@id\":\"https:\\\/\\\/restauranthotelduran.com\\\/fr\\\/politica-de-cookies\\\/#breadcrumb\"},\"inLanguage\":\"fr-FR\",\"potentialAction\":[{\"@type\":\"ReadAction\",\"target\":[\"https:\\\/\\\/restauranthotelduran.com\\\/fr\\\/politica-de-cookies\\\/\"]}]},{\"@type\":\"BreadcrumbList\",\"@id\":\"https:\\\/\\\/restauranthotelduran.com\\\/fr\\\/politica-de-cookies\\\/#breadcrumb\",\"itemListElement\":[{\"@type\":\"ListItem\",\"position\":1,\"name\":\"Portada\",\"item\":\"https:\\\/\\\/restauranthotelduran.com\\\/fr\\\/\"},{\"@type\":\"ListItem\",\"position\":2,\"name\":\"Pol\u00edtica de cookies\"}]},{\"@type\":\"WebSite\",\"@id\":\"https:\\\/\\\/restauranthotelduran.com\\\/fr\\\/#website\",\"url\":\"https:\\\/\\\/restauranthotelduran.com\\\/fr\\\/\",\"name\":\"Restaurant Hotel Duran\",\"description\":\"Restauran Hotel Duran a Figueres\",\"publisher\":{\"@id\":\"https:\\\/\\\/restauranthotelduran.com\\\/fr\\\/#organization\"},\"potentialAction\":[{\"@type\":\"SearchAction\",\"target\":{\"@type\":\"EntryPoint\",\"urlTemplate\":\"https:\\\/\\\/restauranthotelduran.com\\\/fr\\\/?s={search_term_string}\"},\"query-input\":{\"@type\":\"PropertyValueSpecification\",\"valueRequired\":true,\"valueName\":\"search_term_string\"}}],\"inLanguage\":\"fr-FR\"},{\"@type\":\"Organization\",\"@id\":\"https:\\\/\\\/restauranthotelduran.com\\\/fr\\\/#organization\",\"name\":\"Restaurant Hotel Duran\",\"url\":\"https:\\\/\\\/restauranthotelduran.com\\\/fr\\\/\",\"logo\":{\"@type\":\"ImageObject\",\"inLanguage\":\"fr-FR\",\"@id\":\"https:\\\/\\\/restauranthotelduran.com\\\/fr\\\/#\\\/schema\\\/logo\\\/image\\\/\",\"url\":\"https:\\\/\\\/restauranthotelduran.com\\\/wp-content\\\/uploads\\\/2024\\\/09\\\/logo_duran_menu.png\",\"contentUrl\":\"https:\\\/\\\/restauranthotelduran.com\\\/wp-content\\\/uploads\\\/2024\\\/09\\\/logo_duran_menu.png\",\"width\":652,\"height\":306,\"caption\":\"Restaurant Hotel Duran\"},\"image\":{\"@id\":\"https:\\\/\\\/restauranthotelduran.com\\\/fr\\\/#\\\/schema\\\/logo\\\/image\\\/\"}}]}<\/script>\n<!-- \/ Yoast SEO plugin. -->","yoast_head_json":{"title":"Pol\u00edtica de cookies - Restaurant Hotel Duran","robots":{"index":"noindex","follow":"follow"},"og_locale":"fr_FR","og_type":"article","og_title":"Pol\u00edtica de cookies - Restaurant Hotel Duran","og_description":"Pol\u00edtica de cookies \u00bfQu\u00e9 son las cookies? \u00a0 Una cookie es un fichero que se descarga en su ordenador al acceder a determinadas p\u00e1ginas web. Las cookies permiten a una ... Seguir leyendo","og_url":"https:\/\/restauranthotelduran.com\/fr\/politica-de-cookies\/","og_site_name":"Restaurant Hotel Duran","article_modified_time":"2020-10-30T08:08:31+00:00","twitter_card":"summary_large_image","twitter_misc":{"Dur\u00e9e de lecture estim\u00e9e":"6 minutes"},"schema":{"@context":"https:\/\/schema.org","@graph":[{"@type":"WebPage","@id":"https:\/\/restauranthotelduran.com\/fr\/politica-de-cookies\/","url":"https:\/\/restauranthotelduran.com\/fr\/politica-de-cookies\/","name":"Pol\u00edtica de cookies - Restaurant Hotel Duran","isPartOf":{"@id":"https:\/\/restauranthotelduran.com\/fr\/#website"},"datePublished":"2019-12-13T13:42:38+00:00","dateModified":"2020-10-30T08:08:31+00:00","breadcrumb":{"@id":"https:\/\/restauranthotelduran.com\/fr\/politica-de-cookies\/#breadcrumb"},"inLanguage":"fr-FR","potentialAction":[{"@type":"ReadAction","target":["https:\/\/restauranthotelduran.com\/fr\/politica-de-cookies\/"]}]},{"@type":"BreadcrumbList","@id":"https:\/\/restauranthotelduran.com\/fr\/politica-de-cookies\/#breadcrumb","itemListElement":[{"@type":"ListItem","position":1,"name":"Portada","item":"https:\/\/restauranthotelduran.com\/fr\/"},{"@type":"ListItem","position":2,"name":"Pol\u00edtica de cookies"}]},{"@type":"WebSite","@id":"https:\/\/restauranthotelduran.com\/fr\/#website","url":"https:\/\/restauranthotelduran.com\/fr\/","name":"Restaurant Hotel Duran","description":"Restauran Hotel Duran a Figueres","publisher":{"@id":"https:\/\/restauranthotelduran.com\/fr\/#organization"},"potentialAction":[{"@type":"SearchAction","target":{"@type":"EntryPoint","urlTemplate":"https:\/\/restauranthotelduran.com\/fr\/?s={search_term_string}"},"query-input":{"@type":"PropertyValueSpecification","valueRequired":true,"valueName":"search_term_string"}}],"inLanguage":"fr-FR"},{"@type":"Organization","@id":"https:\/\/restauranthotelduran.com\/fr\/#organization","name":"Restaurant Hotel Duran","url":"https:\/\/restauranthotelduran.com\/fr\/","logo":{"@type":"ImageObject","inLanguage":"fr-FR","@id":"https:\/\/restauranthotelduran.com\/fr\/#\/schema\/logo\/image\/","url":"https:\/\/restauranthotelduran.com\/wp-content\/uploads\/2024\/09\/logo_duran_menu.png","contentUrl":"https:\/\/restauranthotelduran.com\/wp-content\/uploads\/2024\/09\/logo_duran_menu.png","width":652,"height":306,"caption":"Restaurant Hotel Duran"},"image":{"@id":"https:\/\/restauranthotelduran.com\/fr\/#\/schema\/logo\/image\/"}}]}},"_hostinger_reach_plugin_has_subscription_block":false,"_hostinger_reach_plugin_is_elementor":false,"_links":{"self":[{"href":"https:\/\/restauranthotelduran.com\/fr\/wp-json\/wp\/v2\/pages\/3999","targetHints":{"allow":["GET"]}}],"collection":[{"href":"https:\/\/restauranthotelduran.com\/fr\/wp-json\/wp\/v2\/pages"}],"about":[{"href":"https:\/\/restauranthotelduran.com\/fr\/wp-json\/wp\/v2\/types\/page"}],"author":[{"embeddable":true,"href":"https:\/\/restauranthotelduran.com\/fr\/wp-json\/wp\/v2\/users\/1"}],"replies":[{"embeddable":true,"href":"https:\/\/restauranthotelduran.com\/fr\/wp-json\/wp\/v2\/comments?post=3999"}],"version-history":[{"count":3,"href":"https:\/\/restauranthotelduran.com\/fr\/wp-json\/wp\/v2\/pages\/3999\/revisions"}],"predecessor-version":[{"id":4546,"href":"https:\/\/restauranthotelduran.com\/fr\/wp-json\/wp\/v2\/pages\/3999\/revisions\/4546"}],"wp:attachment":[{"href":"https:\/\/restauranthotelduran.com\/fr\/wp-json\/wp\/v2\/media?parent=3999"}],"curies":[{"name":"wp","href":"https:\/\/api.w.org\/{rel}","templated":true}]}}