{"id":6362,"date":"2024-10-29T15:42:37","date_gmt":"2024-10-29T14:42:37","guid":{"rendered":"https:\/\/restauranthotelduran.com\/menu-de-fin-dannee\/"},"modified":"2025-12-12T12:16:17","modified_gmt":"2025-12-12T11:16:17","slug":"menu-de-fin-dannee","status":"publish","type":"page","link":"https:\/\/restauranthotelduran.com\/fr\/menu-de-fin-dannee\/","title":{"rendered":"Menu de fin d&rsquo;ann\u00e9e"},"content":{"rendered":"\t\t<div data-elementor-type=\"wp-page\" data-elementor-id=\"6362\" class=\"elementor elementor-6362 elementor-6336\" data-elementor-post-type=\"page\">\n\t\t\t\t\t\t<section class=\"has_eae_slider elementor-section elementor-top-section elementor-element elementor-element-7584202 elementor-section-full_width elementor-section-height-min-height elementor-section-items-top elementor-section-height-default\" data-eae-slider=\"19159\" data-id=\"7584202\" data-element_type=\"section\" data-e-type=\"section\" data-settings=\"{&quot;background_background&quot;:&quot;classic&quot;}\">\n\t\t\t\t\t\t<div class=\"elementor-container elementor-column-gap-default\">\n\t\t\t\t\t<div class=\"has_eae_slider elementor-column elementor-col-100 elementor-top-column elementor-element elementor-element-5ec9cc6\" data-eae-slider=\"4305\" data-id=\"5ec9cc6\" data-element_type=\"column\" data-e-type=\"column\">\n\t\t\t<div class=\"elementor-widget-wrap elementor-element-populated\">\n\t\t\t\t\t\t<div class=\"elementor-element elementor-element-b9ba5d2 elementor-widget elementor-widget-heading\" data-id=\"b9ba5d2\" data-element_type=\"widget\" data-e-type=\"widget\" data-widget_type=\"heading.default\">\n\t\t\t\t<div class=\"elementor-widget-container\">\n\t\t\t\t\t<h2 class=\"elementor-heading-title elementor-size-default\">Menu<br>R\u00e9veillon du Nouvel An 2025<\/h2>\t\t\t\t<\/div>\n\t\t\t\t<\/div>\n\t\t\t\t\t<\/div>\n\t\t<\/div>\n\t\t\t\t\t<\/div>\n\t\t<\/section>\n\t\t\t\t<section class=\"has_eae_slider elementor-section elementor-top-section elementor-element elementor-element-045f4ae elementor-section-boxed elementor-section-height-default elementor-section-height-default\" data-eae-slider=\"76887\" data-id=\"045f4ae\" data-element_type=\"section\" data-e-type=\"section\">\n\t\t\t\t\t\t<div class=\"elementor-container elementor-column-gap-default\">\n\t\t\t\t\t<div class=\"has_eae_slider elementor-column elementor-col-100 elementor-top-column elementor-element elementor-element-9ea4442\" data-eae-slider=\"86217\" data-id=\"9ea4442\" data-element_type=\"column\" data-e-type=\"column\">\n\t\t\t<div class=\"elementor-widget-wrap elementor-element-populated\">\n\t\t\t\t\t\t<div class=\"elementor-element elementor-element-3688bd7 elementor-widget elementor-widget-heading\" data-id=\"3688bd7\" data-element_type=\"widget\" data-e-type=\"widget\" data-widget_type=\"heading.default\">\n\t\t\t\t<div class=\"elementor-widget-container\">\n\t\t\t\t\t<span class=\"elementor-heading-title elementor-size-default\">L'ap\u00e9ritif<\/span>\t\t\t\t<\/div>\n\t\t\t\t<\/div>\n\t\t\t\t<div class=\"elementor-element elementor-element-9655859 elementor-widget elementor-widget-text-editor\" data-id=\"9655859\" data-element_type=\"widget\" data-e-type=\"widget\" data-widget_type=\"text-editor.default\">\n\t\t\t\t<div class=\"elementor-widget-container\">\n\t\t\t\t\t\t\t\t\t<p>\u00c9clats de jambon ib\u00e9rique avec coca de verre<\/p><p>Tartare de crevettes rouges et caviar de saumon<\/p><p>Millefeuille de pomme de terre \u00e0 la truffe<\/p>\t\t\t\t\t\t\t\t<\/div>\n\t\t\t\t<\/div>\n\t\t\t\t<div class=\"elementor-element elementor-element-5a2735b elementor-widget elementor-widget-heading\" data-id=\"5a2735b\" data-element_type=\"widget\" data-e-type=\"widget\" data-widget_type=\"heading.default\">\n\t\t\t\t<div class=\"elementor-widget-container\">\n\t\t\t\t\t<span class=\"elementor-heading-title elementor-size-default\">Entr\u00e9e<\/span>\t\t\t\t<\/div>\n\t\t\t\t<\/div>\n\t\t\t\t<div class=\"elementor-element elementor-element-b06ad68 elementor-widget elementor-widget-text-editor\" data-id=\"b06ad68\" data-element_type=\"widget\" data-e-type=\"widget\" data-widget_type=\"text-editor.default\">\n\t\t\t\t<div class=\"elementor-widget-container\">\n\t\t\t\t\t\t\t\t\t<p>Bavarois de homard \u00e0 la Royale avec son corail<\/p>\t\t\t\t\t\t\t\t<\/div>\n\t\t\t\t<\/div>\n\t\t\t\t<div class=\"elementor-element elementor-element-a82359a elementor-widget elementor-widget-heading\" data-id=\"a82359a\" data-element_type=\"widget\" data-e-type=\"widget\" data-widget_type=\"heading.default\">\n\t\t\t\t<div class=\"elementor-widget-container\">\n\t\t\t\t\t<span class=\"elementor-heading-title elementor-size-default\">Le poisson<\/span>\t\t\t\t<\/div>\n\t\t\t\t<\/div>\n\t\t\t\t<div class=\"elementor-element elementor-element-1a648b3 elementor-widget elementor-widget-text-editor\" data-id=\"1a648b3\" data-element_type=\"widget\" data-e-type=\"widget\" data-widget_type=\"text-editor.default\">\n\t\t\t\t<div class=\"elementor-widget-container\">\n\t\t\t\t\t\t\t\t\t<p>Tournedos de sole au cr\u00e9meux de safran et cava<\/p>\t\t\t\t\t\t\t\t<\/div>\n\t\t\t\t<\/div>\n\t\t\t\t<div class=\"elementor-element elementor-element-115b79a elementor-widget elementor-widget-heading\" data-id=\"115b79a\" data-element_type=\"widget\" data-e-type=\"widget\" data-widget_type=\"heading.default\">\n\t\t\t\t<div class=\"elementor-widget-container\">\n\t\t\t\t\t<span class=\"elementor-heading-title elementor-size-default\">La viande<\/span>\t\t\t\t<\/div>\n\t\t\t\t<\/div>\n\t\t\t\t<div class=\"elementor-element elementor-element-3fbf892 elementor-widget elementor-widget-text-editor\" data-id=\"3fbf892\" data-element_type=\"widget\" data-e-type=\"widget\" data-widget_type=\"text-editor.default\">\n\t\t\t\t<div class=\"elementor-widget-container\">\n\t\t\t\t\t\t\t\t\t<p>Filet de veau de G\u00e9rone au foie gras et r\u00e9duction de grenache<\/p>\t\t\t\t\t\t\t\t<\/div>\n\t\t\t\t<\/div>\n\t\t\t\t<div class=\"elementor-element elementor-element-53705b6 elementor-widget elementor-widget-heading\" data-id=\"53705b6\" data-element_type=\"widget\" data-e-type=\"widget\" data-widget_type=\"heading.default\">\n\t\t\t\t<div class=\"elementor-widget-container\">\n\t\t\t\t\t<span class=\"elementor-heading-title elementor-size-default\">Le dessert<\/span>\t\t\t\t<\/div>\n\t\t\t\t<\/div>\n\t\t\t\t<div class=\"elementor-element elementor-element-b383793 elementor-widget elementor-widget-text-editor\" data-id=\"b383793\" data-element_type=\"widget\" data-e-type=\"widget\" data-widget_type=\"text-editor.default\">\n\t\t\t\t<div class=\"elementor-widget-container\">\n\t\t\t\t\t\t\t\t\t<p>Chocolat blanc, menthe, mangue et fruits rouges<\/p>\t\t\t\t\t\t\t\t<\/div>\n\t\t\t\t<\/div>\n\t\t\t\t<div class=\"elementor-element elementor-element-b06a650 elementor-widget elementor-widget-heading\" data-id=\"b06a650\" data-element_type=\"widget\" data-e-type=\"widget\" data-widget_type=\"heading.default\">\n\t\t\t\t<div class=\"elementor-widget-container\">\n\t\t\t\t\t<span class=\"elementor-heading-title elementor-size-default\">Petits Fours<\/span>\t\t\t\t<\/div>\n\t\t\t\t<\/div>\n\t\t\t\t<div class=\"elementor-element elementor-element-1e68a74 elementor-widget elementor-widget-text-editor\" data-id=\"1e68a74\" data-element_type=\"widget\" data-e-type=\"widget\" data-widget_type=\"text-editor.default\">\n\t\t\t\t<div class=\"elementor-widget-container\">\n\t\t\t\t\t\t\t\t\t<p>Catania \u00e0 la noix de coco et chocolat noir<\/p><p>Sph\u00e8re de framboise et citron vert<\/p><p>Croquant caram\u00e9lis\u00e9 de nougat de Jijona<\/p>\t\t\t\t\t\t\t\t<\/div>\n\t\t\t\t<\/div>\n\t\t\t\t<div class=\"elementor-element elementor-element-e94a876 elementor-widget elementor-widget-heading\" data-id=\"e94a876\" data-element_type=\"widget\" data-e-type=\"widget\" data-widget_type=\"heading.default\">\n\t\t\t\t<div class=\"elementor-widget-container\">\n\t\t\t\t\t<span class=\"elementor-heading-title elementor-size-default\">Les vins<\/span>\t\t\t\t<\/div>\n\t\t\t\t<\/div>\n\t\t\t\t<div class=\"elementor-element elementor-element-b1478c1 elementor-widget elementor-widget-text-editor\" data-id=\"b1478c1\" data-element_type=\"widget\" data-e-type=\"widget\" data-widget_type=\"text-editor.default\">\n\t\t\t\t<div class=\"elementor-widget-container\">\n\t\t\t\t\t\t\t\t\t<p style=\"margin-bottom: 0cm; line-height: normal;\" align=\"center\">Blanco Obsequi de l&rsquo;Empord\u00e0&nbsp;<\/p><p style=\"margin-bottom: 0cm; line-height: normal;\" align=\"center\">Tinto Cruor Casa Gran del Siurana<\/p>\n<p>Recadero Brut Nature<\/p>\n<p>***<\/p>\n<p><\/p>\n<p><em>Raisins de la chance \u2013 Cotillon<\/em><\/p>\n<p><em>Musique en direct avec le duo Albert &amp; Jes\u00fas&nbsp;<\/em><\/p>\n<p><em>Le d\u00eener commence \u00e0 21h00.<\/em><\/p>\t\t\t\t\t\t\t\t<\/div>\n\t\t\t\t<\/div>\n\t\t\t\t\t<\/div>\n\t\t<\/div>\n\t\t\t\t\t<\/div>\n\t\t<\/section>\n\t\t\t\t<section class=\"has_eae_slider elementor-section elementor-top-section elementor-element elementor-element-f41e948 elementor-section-boxed elementor-section-height-default elementor-section-height-default\" data-eae-slider=\"16857\" data-id=\"f41e948\" data-element_type=\"section\" data-e-type=\"section\" data-settings=\"{&quot;background_background&quot;:&quot;classic&quot;}\">\n\t\t\t\t\t\t<div class=\"elementor-container elementor-column-gap-default\">\n\t\t\t\t\t<div class=\"has_eae_slider elementor-column elementor-col-100 elementor-top-column elementor-element elementor-element-6a2cc5b\" data-eae-slider=\"3364\" data-id=\"6a2cc5b\" data-element_type=\"column\" data-e-type=\"column\">\n\t\t\t<div class=\"elementor-widget-wrap elementor-element-populated\">\n\t\t\t\t\t\t<div class=\"elementor-element elementor-element-02cc01b elementor-widget elementor-widget-heading\" data-id=\"02cc01b\" data-element_type=\"widget\" data-e-type=\"widget\" data-widget_type=\"heading.default\">\n\t\t\t\t<div class=\"elementor-widget-container\">\n\t\t\t\t\t<span class=\"elementor-heading-title elementor-size-default\">175 \u20ac<\/span>\t\t\t\t<\/div>\n\t\t\t\t<\/div>\n\t\t\t\t<div class=\"elementor-element elementor-element-52e6b3c elementor-widget elementor-widget-heading\" data-id=\"52e6b3c\" data-element_type=\"widget\" data-e-type=\"widget\" data-widget_type=\"heading.default\">\n\t\t\t\t<div class=\"elementor-widget-container\">\n\t\t\t\t\t<span class=\"elementor-heading-title elementor-size-default\">par personne\n(TVA incluse)<br>\n\n<\/span>\t\t\t\t<\/div>\n\t\t\t\t<\/div>\n\t\t\t\t\t<\/div>\n\t\t<\/div>\n\t\t\t\t\t<\/div>\n\t\t<\/section>\n\t\t\t\t<section class=\"has_eae_slider elementor-section elementor-top-section elementor-element elementor-element-b2ed7ec elementor-section-boxed elementor-section-height-default elementor-section-height-default\" data-eae-slider=\"36458\" data-id=\"b2ed7ec\" data-element_type=\"section\" data-e-type=\"section\" data-settings=\"{&quot;background_background&quot;:&quot;classic&quot;}\">\n\t\t\t\t\t\t<div class=\"elementor-container elementor-column-gap-default\">\n\t\t\t\t\t<div class=\"has_eae_slider elementor-column elementor-col-100 elementor-top-column elementor-element elementor-element-43615fd\" data-eae-slider=\"4885\" data-id=\"43615fd\" data-element_type=\"column\" data-e-type=\"column\">\n\t\t\t<div class=\"elementor-widget-wrap elementor-element-populated\">\n\t\t\t\t\t\t<div class=\"elementor-element elementor-element-2abf255 elementor-widget elementor-widget-text-editor\" data-id=\"2abf255\" data-element_type=\"widget\" data-e-type=\"widget\" data-widget_type=\"text-editor.default\">\n\t\t\t\t<div class=\"elementor-widget-container\">\n\t\t\t\t\t\t\t\t\t<p>R\u00e9servations<\/p>\t\t\t\t\t\t\t\t<\/div>\n\t\t\t\t<\/div>\n\t\t\t\t<div class=\"elementor-element elementor-element-e579f96 elementor-widget elementor-widget-text-editor\" data-id=\"e579f96\" data-element_type=\"widget\" data-e-type=\"widget\" data-widget_type=\"text-editor.default\">\n\t\t\t\t<div class=\"elementor-widget-container\">\n\t\t\t\t\t\t\t\t\t<a style=\"color: white;\" href=\"tel:972501250\">(+34) 972 501 250<\/a> &#8211; <a style=\"color: white;\" href=\"mailto:duran@hotelduran.com\">duran@hotelduran.com<\/a>\t\t\t\t\t\t\t\t<\/div>\n\t\t\t\t<\/div>\n\t\t\t\t\t<\/div>\n\t\t<\/div>\n\t\t\t\t\t<\/div>\n\t\t<\/section>\n\t\t\t\t<section class=\"has_eae_slider elementor-section elementor-top-section elementor-element elementor-element-0757bea elementor-section-boxed elementor-section-height-default elementor-section-height-default\" data-eae-slider=\"57960\" data-id=\"0757bea\" data-element_type=\"section\" data-e-type=\"section\" data-settings=\"{&quot;background_background&quot;:&quot;classic&quot;}\">\n\t\t\t\t\t\t<div class=\"elementor-container elementor-column-gap-default\">\n\t\t\t\t\t<div class=\"has_eae_slider elementor-column elementor-col-100 elementor-top-column elementor-element elementor-element-899eeca\" data-eae-slider=\"88032\" data-id=\"899eeca\" data-element_type=\"column\" data-e-type=\"column\">\n\t\t\t<div class=\"elementor-widget-wrap elementor-element-populated\">\n\t\t\t\t\t\t<div class=\"elementor-element elementor-element-7b8d89c elementor-shape-circle elementor-grid-0 e-grid-align-center elementor-widget elementor-widget-social-icons\" data-id=\"7b8d89c\" data-element_type=\"widget\" data-e-type=\"widget\" data-widget_type=\"social-icons.default\">\n\t\t\t\t<div class=\"elementor-widget-container\">\n\t\t\t\t\t\t\t<div class=\"elementor-social-icons-wrapper elementor-grid\" role=\"list\">\n\t\t\t\t\t\t\t<span class=\"elementor-grid-item\" role=\"listitem\">\n\t\t\t\t\t<a class=\"elementor-icon elementor-social-icon elementor-social-icon-facebook-f elementor-repeater-item-3b81d74\" href=\"https:\/\/es-es.facebook.com\/duranhotelrestaurant\" target=\"_blank\">\n\t\t\t\t\t\t<span class=\"elementor-screen-only\">Facebook-f<\/span>\n\t\t\t\t\t\t<i aria-hidden=\"true\" class=\"fab fa-facebook-f\"><\/i>\t\t\t\t\t<\/a>\n\t\t\t\t<\/span>\n\t\t\t\t\t\t\t<span class=\"elementor-grid-item\" role=\"listitem\">\n\t\t\t\t\t<a class=\"elementor-icon elementor-social-icon elementor-social-icon-twitter elementor-repeater-item-902765a\" href=\"https:\/\/twitter.com\/hotelduran\" target=\"_blank\">\n\t\t\t\t\t\t<span class=\"elementor-screen-only\">Twitter<\/span>\n\t\t\t\t\t\t<i aria-hidden=\"true\" class=\"fab fa-twitter\"><\/i>\t\t\t\t\t<\/a>\n\t\t\t\t<\/span>\n\t\t\t\t\t\t\t<span class=\"elementor-grid-item\" role=\"listitem\">\n\t\t\t\t\t<a class=\"elementor-icon elementor-social-icon elementor-social-icon-instagram elementor-repeater-item-147ebf7\" href=\"\" target=\"_blank\">\n\t\t\t\t\t\t<span class=\"elementor-screen-only\">Instagram<\/span>\n\t\t\t\t\t\t<i aria-hidden=\"true\" class=\"fab fa-instagram\"><\/i>\t\t\t\t\t<\/a>\n\t\t\t\t<\/span>\n\t\t\t\t\t\t\t<span class=\"elementor-grid-item\" role=\"listitem\">\n\t\t\t\t\t<a class=\"elementor-icon elementor-social-icon elementor-social-icon-youtube elementor-repeater-item-ce9edf2\" href=\"https:\/\/www.youtube.com\/c\/DuranHotelRestaurant\" target=\"_blank\">\n\t\t\t\t\t\t<span class=\"elementor-screen-only\">Youtube<\/span>\n\t\t\t\t\t\t<i aria-hidden=\"true\" class=\"fab fa-youtube\"><\/i>\t\t\t\t\t<\/a>\n\t\t\t\t<\/span>\n\t\t\t\t\t<\/div>\n\t\t\t\t\t\t<\/div>\n\t\t\t\t<\/div>\n\t\t\t\t\t<\/div>\n\t\t<\/div>\n\t\t\t\t\t<\/div>\n\t\t<\/section>\n\t\t\t\t<section class=\"has_eae_slider elementor-section elementor-top-section elementor-element elementor-element-f11a34b elementor-section-full_width elementor-section-height-min-height elementor-section-items-top elementor-section-height-default\" data-eae-slider=\"38320\" data-id=\"f11a34b\" data-element_type=\"section\" data-e-type=\"section\" data-settings=\"{&quot;background_background&quot;:&quot;classic&quot;}\">\n\t\t\t\t\t\t<div class=\"elementor-container elementor-column-gap-default\">\n\t\t\t\t\t<div class=\"has_eae_slider elementor-column elementor-col-100 elementor-top-column elementor-element elementor-element-6c52494\" data-eae-slider=\"69922\" data-id=\"6c52494\" data-element_type=\"column\" data-e-type=\"column\">\n\t\t\t<div class=\"elementor-widget-wrap elementor-element-populated\">\n\t\t\t\t\t\t<div class=\"elementor-element elementor-element-a5f17e1 elementor-widget elementor-widget-heading\" data-id=\"a5f17e1\" data-element_type=\"widget\" data-e-type=\"widget\" data-widget_type=\"heading.default\">\n\t\t\t\t<div class=\"elementor-widget-container\">\n\t\t\t\t\t<h2 class=\"elementor-heading-title elementor-size-default\">Chaque ann\u00e9e qui passe, nous faisons l'histoire<\/h2>\t\t\t\t<\/div>\n\t\t\t\t<\/div>\n\t\t\t\t\t<\/div>\n\t\t<\/div>\n\t\t\t\t\t<\/div>\n\t\t<\/section>\n\t\t\t\t<\/div>\n\t\t","protected":false},"excerpt":{"rendered":"<p>MenuR\u00e9veillon du Nouvel An 2025 L&rsquo;ap\u00e9ritif \u00c9clats de jambon ib\u00e9rique avec coca de verre Tartare de crevettes rouges et caviar de saumon Millefeuille de pomme de terre \u00e0 la truffe &#8230; <\/p>\n<p class=\"read-more-container\"><a title=\"Menu de fin d&rsquo;ann\u00e9e\" class=\"read-more button\" href=\"https:\/\/restauranthotelduran.com\/fr\/menu-de-fin-dannee\/#more-6362\" aria-label=\"En savoir plus sur Menu de fin d&rsquo;ann\u00e9e\">Seguir leyendo<\/a><\/p>\n","protected":false},"author":1,"featured_media":0,"parent":0,"menu_order":0,"comment_status":"closed","ping_status":"closed","template":"page-templates\/carta-y-menu.php","meta":{"footnotes":""},"class_list":{"0":"post-6362","1":"page","2":"type-page","3":"status-publish","5":"infinite-scroll-item"},"yoast_head":"<!-- This site is optimized with the Yoast SEO plugin v27.1.1 - https:\/\/yoast.com\/product\/yoast-seo-wordpress\/ -->\n<title>Menu de fin d&#039;ann\u00e9e en Figueres - Restaurant Hotel Duran<\/title>\n<meta name=\"description\" content=\"Prueba nuestro men\u00fa del d\u00eda a un precio asequible en Figueres en un lugar con historia y encanto. Disfruta del placer de comer.\" \/>\n<meta name=\"robots\" content=\"index, follow, max-snippet:-1, max-image-preview:large, max-video-preview:-1\" \/>\n<link rel=\"canonical\" href=\"https:\/\/restauranthotelduran.com\/fr\/menu-de-fin-dannee\/\" \/>\n<meta property=\"og:locale\" content=\"fr_FR\" \/>\n<meta property=\"og:type\" content=\"article\" \/>\n<meta property=\"og:title\" content=\"Menu de fin d&#039;ann\u00e9e en Figueres - Restaurant Hotel Duran\" \/>\n<meta property=\"og:description\" content=\"Prueba nuestro men\u00fa del d\u00eda a un precio asequible en Figueres en un lugar con historia y encanto. Disfruta del placer de comer.\" \/>\n<meta property=\"og:url\" content=\"https:\/\/restauranthotelduran.com\/fr\/menu-de-fin-dannee\/\" \/>\n<meta property=\"og:site_name\" content=\"Restaurant Hotel Duran\" \/>\n<meta property=\"article:modified_time\" content=\"2025-12-12T11:16:17+00:00\" \/>\n<meta name=\"twitter:card\" content=\"summary_large_image\" \/>\n<meta name=\"twitter:label1\" content=\"Dur\u00e9e de lecture estim\u00e9e\" \/>\n\t<meta name=\"twitter:data1\" content=\"1 minute\" \/>\n<script type=\"application\/ld+json\" class=\"yoast-schema-graph\">{\"@context\":\"https:\/\/schema.org\",\"@graph\":[{\"@type\":\"WebPage\",\"@id\":\"https:\/\/restauranthotelduran.com\/fr\/menu-de-fin-dannee\/\",\"url\":\"https:\/\/restauranthotelduran.com\/fr\/menu-de-fin-dannee\/\",\"name\":\"Menu de fin d'ann\u00e9e en Figueres - Restaurant Hotel Duran\",\"isPartOf\":{\"@id\":\"https:\/\/restauranthotelduran.com\/fr\/#website\"},\"datePublished\":\"2024-10-29T14:42:37+00:00\",\"dateModified\":\"2025-12-12T11:16:17+00:00\",\"description\":\"Prueba nuestro men\u00fa del d\u00eda a un precio asequible en Figueres en un lugar con historia y encanto. Disfruta del placer de comer.\",\"breadcrumb\":{\"@id\":\"https:\/\/restauranthotelduran.com\/fr\/menu-de-fin-dannee\/#breadcrumb\"},\"inLanguage\":\"fr-FR\",\"potentialAction\":[{\"@type\":\"ReadAction\",\"target\":[\"https:\/\/restauranthotelduran.com\/fr\/menu-de-fin-dannee\/\"]}]},{\"@type\":\"BreadcrumbList\",\"@id\":\"https:\/\/restauranthotelduran.com\/fr\/menu-de-fin-dannee\/#breadcrumb\",\"itemListElement\":[{\"@type\":\"ListItem\",\"position\":1,\"name\":\"Portada\",\"item\":\"https:\/\/restauranthotelduran.com\/fr\/\"},{\"@type\":\"ListItem\",\"position\":2,\"name\":\"Menu de fin d&rsquo;ann\u00e9e\"}]},{\"@type\":\"WebSite\",\"@id\":\"https:\/\/restauranthotelduran.com\/fr\/#website\",\"url\":\"https:\/\/restauranthotelduran.com\/fr\/\",\"name\":\"Restaurant Hotel Duran\",\"description\":\"Restauran Hotel Duran a Figueres\",\"publisher\":{\"@id\":\"https:\/\/restauranthotelduran.com\/fr\/#organization\"},\"potentialAction\":[{\"@type\":\"SearchAction\",\"target\":{\"@type\":\"EntryPoint\",\"urlTemplate\":\"https:\/\/restauranthotelduran.com\/fr\/?s={search_term_string}\"},\"query-input\":{\"@type\":\"PropertyValueSpecification\",\"valueRequired\":true,\"valueName\":\"search_term_string\"}}],\"inLanguage\":\"fr-FR\"},{\"@type\":\"Organization\",\"@id\":\"https:\/\/restauranthotelduran.com\/fr\/#organization\",\"name\":\"Restaurant Hotel Duran\",\"url\":\"https:\/\/restauranthotelduran.com\/fr\/\",\"logo\":{\"@type\":\"ImageObject\",\"inLanguage\":\"fr-FR\",\"@id\":\"https:\/\/restauranthotelduran.com\/fr\/#\/schema\/logo\/image\/\",\"url\":\"https:\/\/restauranthotelduran.com\/wp-content\/uploads\/2024\/09\/logo_duran_menu.png\",\"contentUrl\":\"https:\/\/restauranthotelduran.com\/wp-content\/uploads\/2024\/09\/logo_duran_menu.png\",\"width\":652,\"height\":306,\"caption\":\"Restaurant Hotel Duran\"},\"image\":{\"@id\":\"https:\/\/restauranthotelduran.com\/fr\/#\/schema\/logo\/image\/\"}}]}<\/script>\n<!-- \/ Yoast SEO plugin. -->","yoast_head_json":{"title":"Menu de fin d'ann\u00e9e en Figueres - Restaurant Hotel Duran","description":"Prueba nuestro men\u00fa del d\u00eda a un precio asequible en Figueres en un lugar con historia y encanto. Disfruta del placer de comer.","robots":{"index":"index","follow":"follow","max-snippet":"max-snippet:-1","max-image-preview":"max-image-preview:large","max-video-preview":"max-video-preview:-1"},"canonical":"https:\/\/restauranthotelduran.com\/fr\/menu-de-fin-dannee\/","og_locale":"fr_FR","og_type":"article","og_title":"Menu de fin d'ann\u00e9e en Figueres - Restaurant Hotel Duran","og_description":"Prueba nuestro men\u00fa del d\u00eda a un precio asequible en Figueres en un lugar con historia y encanto. Disfruta del placer de comer.","og_url":"https:\/\/restauranthotelduran.com\/fr\/menu-de-fin-dannee\/","og_site_name":"Restaurant Hotel Duran","article_modified_time":"2025-12-12T11:16:17+00:00","twitter_card":"summary_large_image","twitter_misc":{"Dur\u00e9e de lecture estim\u00e9e":"1 minute"},"schema":{"@context":"https:\/\/schema.org","@graph":[{"@type":"WebPage","@id":"https:\/\/restauranthotelduran.com\/fr\/menu-de-fin-dannee\/","url":"https:\/\/restauranthotelduran.com\/fr\/menu-de-fin-dannee\/","name":"Menu de fin d'ann\u00e9e en Figueres - Restaurant Hotel Duran","isPartOf":{"@id":"https:\/\/restauranthotelduran.com\/fr\/#website"},"datePublished":"2024-10-29T14:42:37+00:00","dateModified":"2025-12-12T11:16:17+00:00","description":"Prueba nuestro men\u00fa del d\u00eda a un precio asequible en Figueres en un lugar con historia y encanto. Disfruta del placer de comer.","breadcrumb":{"@id":"https:\/\/restauranthotelduran.com\/fr\/menu-de-fin-dannee\/#breadcrumb"},"inLanguage":"fr-FR","potentialAction":[{"@type":"ReadAction","target":["https:\/\/restauranthotelduran.com\/fr\/menu-de-fin-dannee\/"]}]},{"@type":"BreadcrumbList","@id":"https:\/\/restauranthotelduran.com\/fr\/menu-de-fin-dannee\/#breadcrumb","itemListElement":[{"@type":"ListItem","position":1,"name":"Portada","item":"https:\/\/restauranthotelduran.com\/fr\/"},{"@type":"ListItem","position":2,"name":"Menu de fin d&rsquo;ann\u00e9e"}]},{"@type":"WebSite","@id":"https:\/\/restauranthotelduran.com\/fr\/#website","url":"https:\/\/restauranthotelduran.com\/fr\/","name":"Restaurant Hotel Duran","description":"Restauran Hotel Duran a Figueres","publisher":{"@id":"https:\/\/restauranthotelduran.com\/fr\/#organization"},"potentialAction":[{"@type":"SearchAction","target":{"@type":"EntryPoint","urlTemplate":"https:\/\/restauranthotelduran.com\/fr\/?s={search_term_string}"},"query-input":{"@type":"PropertyValueSpecification","valueRequired":true,"valueName":"search_term_string"}}],"inLanguage":"fr-FR"},{"@type":"Organization","@id":"https:\/\/restauranthotelduran.com\/fr\/#organization","name":"Restaurant Hotel Duran","url":"https:\/\/restauranthotelduran.com\/fr\/","logo":{"@type":"ImageObject","inLanguage":"fr-FR","@id":"https:\/\/restauranthotelduran.com\/fr\/#\/schema\/logo\/image\/","url":"https:\/\/restauranthotelduran.com\/wp-content\/uploads\/2024\/09\/logo_duran_menu.png","contentUrl":"https:\/\/restauranthotelduran.com\/wp-content\/uploads\/2024\/09\/logo_duran_menu.png","width":652,"height":306,"caption":"Restaurant Hotel Duran"},"image":{"@id":"https:\/\/restauranthotelduran.com\/fr\/#\/schema\/logo\/image\/"}}]}},"_hostinger_reach_plugin_has_subscription_block":false,"_hostinger_reach_plugin_is_elementor":false,"_links":{"self":[{"href":"https:\/\/restauranthotelduran.com\/fr\/wp-json\/wp\/v2\/pages\/6362","targetHints":{"allow":["GET"]}}],"collection":[{"href":"https:\/\/restauranthotelduran.com\/fr\/wp-json\/wp\/v2\/pages"}],"about":[{"href":"https:\/\/restauranthotelduran.com\/fr\/wp-json\/wp\/v2\/types\/page"}],"author":[{"embeddable":true,"href":"https:\/\/restauranthotelduran.com\/fr\/wp-json\/wp\/v2\/users\/1"}],"replies":[{"embeddable":true,"href":"https:\/\/restauranthotelduran.com\/fr\/wp-json\/wp\/v2\/comments?post=6362"}],"version-history":[{"count":12,"href":"https:\/\/restauranthotelduran.com\/fr\/wp-json\/wp\/v2\/pages\/6362\/revisions"}],"predecessor-version":[{"id":14893,"href":"https:\/\/restauranthotelduran.com\/fr\/wp-json\/wp\/v2\/pages\/6362\/revisions\/14893"}],"wp:attachment":[{"href":"https:\/\/restauranthotelduran.com\/fr\/wp-json\/wp\/v2\/media?parent=6362"}],"curies":[{"name":"wp","href":"https:\/\/api.w.org\/{rel}","templated":true}]}}