{"id":3333,"date":"2020-07-29T12:17:17","date_gmt":"2020-07-29T10:17:17","guid":{"rendered":"https:\/\/restauranthotelduran.com\/cheque-regalo\/nuit-menu\/"},"modified":"2025-02-17T18:15:26","modified_gmt":"2025-02-17T17:15:26","slug":"nuit-menu","status":"publish","type":"product","link":"https:\/\/restauranthotelduran.com\/fr\/magasin-de-bons-cadeaux\/nuit-menu\/","title":{"rendered":"Nuit \u00e0 l&rsquo;H\u00f4tel Duran Hotel"},"content":{"rendered":"<p>Description:<\/p>\n<ul>\n<li>1 nuit \u00e0 l&rsquo;H\u00f4tel Duran<\/li>\n<li>Petit-d\u00e9jeuner buffet<\/li>\n<li>D\u00eener : Menu Duran dans notre restaurant (boissons non incluses)<\/li>\n<\/ul>\n<p>&nbsp;<\/p>\n<p><strong>Conditions g\u00e9n\u00e9rales: <\/strong><\/p>\n<ul>\n<li>Sous r\u00e9serve de disponibilit\u00e9 de l&rsquo;h\u00f4tel et du restaurant<\/li>\n<li>Bon cadeau valable six mois \u00e0 compter de l\u2019achat<\/li>\n<li>Taxe de s\u00e9jour non incluse : 1,32 \u20ac par personne<\/li>\n<li>Une fois le ch\u00e8que cadeau re\u00e7u, l&rsquo;heureux b\u00e9n\u00e9ficiaire devra appeler (+34 972 50 12 50) ou envoyer un email \u00e0 Duran Hotel Restaurant pour formaliser la r\u00e9servation (duran@hotelduran).<\/li>\n<\/ul>\n<p>&nbsp;<\/p>\n<ul>\n<li><em>Horaires du restaurant : du lundi au dimanche de 12h45 \u00e0 16h et de 20h \u00e0 22h30<\/em><\/li>\n<\/ul>\n","protected":false},"excerpt":{"rendered":"<p>Menu Duran pour 2 personnes avec boissons incluses mais une nuit a l&rsquo;h\u00f4tel avec vin dans la chambre et buffet de petit d\u00e9jeuner.<\/p>\n","protected":false},"featured_media":13230,"template":"","meta":[],"product_brand":[],"product_cat":[125],"product_tag":[],"giftcard-category":[],"class_list":{"0":"post-3333","1":"product","2":"type-product","3":"status-publish","4":"has-post-thumbnail","6":"product_cat-cheque-cadeau","7":"infinite-scroll-item","8":"resize-featured-image","9":"sales-flash-overlay","10":"woocommerce-text-align-center","11":"woocommerce-image-align-center","12":"do-quantity-buttons","14":"first","15":"instock","16":"virtual","17":"taxable","18":"purchasable","19":"product-type-gift-card"},"yoast_head":"<!-- This site is optimized with the Yoast SEO plugin v27.3 - https:\/\/yoast.com\/product\/yoast-seo-wordpress\/ -->\n<title>Nuit \u00e0 l&#039;H\u00f4tel Duran Hotel - Restaurant Hotel Duran<\/title>\n<meta name=\"robots\" content=\"index, follow, max-snippet:-1, max-image-preview:large, max-video-preview:-1\" \/>\n<link rel=\"canonical\" href=\"https:\/\/restauranthotelduran.com\/fr\/magasin-de-bons-cadeaux\/nuit-menu\/\" \/>\n<meta property=\"og:locale\" content=\"fr_FR\" \/>\n<meta property=\"og:type\" content=\"article\" \/>\n<meta property=\"og:title\" content=\"Nuit \u00e0 l&#039;H\u00f4tel Duran Hotel - Restaurant Hotel Duran\" \/>\n<meta property=\"og:description\" content=\"Menu Duran pour 2 personnes avec boissons incluses mais une nuit a l&#039;h\u00f4tel avec vin dans la chambre et buffet de petit d\u00e9jeuner.\" \/>\n<meta property=\"og:url\" content=\"https:\/\/restauranthotelduran.com\/fr\/magasin-de-bons-cadeaux\/nuit-menu\/\" \/>\n<meta property=\"og:site_name\" content=\"Restaurant Hotel Duran\" \/>\n<meta property=\"article:modified_time\" content=\"2025-02-17T17:15:26+00:00\" \/>\n<meta property=\"og:image\" content=\"https:\/\/restauranthotelduran.com\/wp-content\/uploads\/2020\/07\/Regal-Mitja-Pensio-1.png\" \/>\n\t<meta property=\"og:image:width\" content=\"800\" \/>\n\t<meta property=\"og:image:height\" content=\"600\" \/>\n\t<meta property=\"og:image:type\" content=\"image\/png\" \/>\n<meta name=\"twitter:card\" content=\"summary_large_image\" \/>\n<meta name=\"twitter:label1\" content=\"Dur\u00e9e de lecture estim\u00e9e\" \/>\n\t<meta name=\"twitter:data1\" content=\"1 minute\" \/>\n<script type=\"application\/ld+json\" class=\"yoast-schema-graph\">{\"@context\":\"https:\\\/\\\/schema.org\",\"@graph\":[{\"@type\":\"WebPage\",\"@id\":\"https:\\\/\\\/restauranthotelduran.com\\\/fr\\\/magasin-de-bons-cadeaux\\\/nuit-menu\\\/\",\"url\":\"https:\\\/\\\/restauranthotelduran.com\\\/fr\\\/magasin-de-bons-cadeaux\\\/nuit-menu\\\/\",\"name\":\"Nuit \u00e0 l'H\u00f4tel Duran Hotel - Restaurant Hotel Duran\",\"isPartOf\":{\"@id\":\"https:\\\/\\\/restauranthotelduran.com\\\/fr\\\/#website\"},\"primaryImageOfPage\":{\"@id\":\"https:\\\/\\\/restauranthotelduran.com\\\/fr\\\/magasin-de-bons-cadeaux\\\/nuit-menu\\\/#primaryimage\"},\"image\":{\"@id\":\"https:\\\/\\\/restauranthotelduran.com\\\/fr\\\/magasin-de-bons-cadeaux\\\/nuit-menu\\\/#primaryimage\"},\"thumbnailUrl\":\"https:\\\/\\\/restauranthotelduran.com\\\/wp-content\\\/uploads\\\/2020\\\/07\\\/Regal-Mitja-Pensio-1.png\",\"datePublished\":\"2020-07-29T10:17:17+00:00\",\"dateModified\":\"2025-02-17T17:15:26+00:00\",\"breadcrumb\":{\"@id\":\"https:\\\/\\\/restauranthotelduran.com\\\/fr\\\/magasin-de-bons-cadeaux\\\/nuit-menu\\\/#breadcrumb\"},\"inLanguage\":\"fr-FR\",\"potentialAction\":[{\"@type\":\"ReadAction\",\"target\":[\"https:\\\/\\\/restauranthotelduran.com\\\/fr\\\/magasin-de-bons-cadeaux\\\/nuit-menu\\\/\"]}]},{\"@type\":\"ImageObject\",\"inLanguage\":\"fr-FR\",\"@id\":\"https:\\\/\\\/restauranthotelduran.com\\\/fr\\\/magasin-de-bons-cadeaux\\\/nuit-menu\\\/#primaryimage\",\"url\":\"https:\\\/\\\/restauranthotelduran.com\\\/wp-content\\\/uploads\\\/2020\\\/07\\\/Regal-Mitja-Pensio-1.png\",\"contentUrl\":\"https:\\\/\\\/restauranthotelduran.com\\\/wp-content\\\/uploads\\\/2020\\\/07\\\/Regal-Mitja-Pensio-1.png\",\"width\":800,\"height\":600},{\"@type\":\"BreadcrumbList\",\"@id\":\"https:\\\/\\\/restauranthotelduran.com\\\/fr\\\/magasin-de-bons-cadeaux\\\/nuit-menu\\\/#breadcrumb\",\"itemListElement\":[{\"@type\":\"ListItem\",\"position\":1,\"name\":\"Portada\",\"item\":\"https:\\\/\\\/restauranthotelduran.com\\\/fr\\\/\"},{\"@type\":\"ListItem\",\"position\":2,\"name\":\"Magasin de bons cadeaux\",\"item\":\"https:\\\/\\\/restauranthotelduran.com\\\/fr\\\/magasin-de-bons-cadeaux\\\/\"},{\"@type\":\"ListItem\",\"position\":3,\"name\":\"Nuit \u00e0 l&#8217;H\u00f4tel Duran Hotel\"}]},{\"@type\":\"WebSite\",\"@id\":\"https:\\\/\\\/restauranthotelduran.com\\\/fr\\\/#website\",\"url\":\"https:\\\/\\\/restauranthotelduran.com\\\/fr\\\/\",\"name\":\"Restaurant Hotel Duran\",\"description\":\"Restauran Hotel Duran a Figueres\",\"publisher\":{\"@id\":\"https:\\\/\\\/restauranthotelduran.com\\\/fr\\\/#organization\"},\"potentialAction\":[{\"@type\":\"SearchAction\",\"target\":{\"@type\":\"EntryPoint\",\"urlTemplate\":\"https:\\\/\\\/restauranthotelduran.com\\\/fr\\\/?s={search_term_string}\"},\"query-input\":{\"@type\":\"PropertyValueSpecification\",\"valueRequired\":true,\"valueName\":\"search_term_string\"}}],\"inLanguage\":\"fr-FR\"},{\"@type\":\"Organization\",\"@id\":\"https:\\\/\\\/restauranthotelduran.com\\\/fr\\\/#organization\",\"name\":\"Restaurant Hotel Duran\",\"url\":\"https:\\\/\\\/restauranthotelduran.com\\\/fr\\\/\",\"logo\":{\"@type\":\"ImageObject\",\"inLanguage\":\"fr-FR\",\"@id\":\"https:\\\/\\\/restauranthotelduran.com\\\/fr\\\/#\\\/schema\\\/logo\\\/image\\\/\",\"url\":\"https:\\\/\\\/restauranthotelduran.com\\\/wp-content\\\/uploads\\\/2024\\\/09\\\/logo_duran_menu.png\",\"contentUrl\":\"https:\\\/\\\/restauranthotelduran.com\\\/wp-content\\\/uploads\\\/2024\\\/09\\\/logo_duran_menu.png\",\"width\":652,\"height\":306,\"caption\":\"Restaurant Hotel Duran\"},\"image\":{\"@id\":\"https:\\\/\\\/restauranthotelduran.com\\\/fr\\\/#\\\/schema\\\/logo\\\/image\\\/\"}}]}<\/script>\n<!-- \/ Yoast SEO plugin. -->","yoast_head_json":{"title":"Nuit \u00e0 l'H\u00f4tel Duran Hotel - Restaurant Hotel Duran","robots":{"index":"index","follow":"follow","max-snippet":"max-snippet:-1","max-image-preview":"max-image-preview:large","max-video-preview":"max-video-preview:-1"},"canonical":"https:\/\/restauranthotelduran.com\/fr\/magasin-de-bons-cadeaux\/nuit-menu\/","og_locale":"fr_FR","og_type":"article","og_title":"Nuit \u00e0 l'H\u00f4tel Duran Hotel - Restaurant Hotel Duran","og_description":"Menu Duran pour 2 personnes avec boissons incluses mais une nuit a l'h\u00f4tel avec vin dans la chambre et buffet de petit d\u00e9jeuner.","og_url":"https:\/\/restauranthotelduran.com\/fr\/magasin-de-bons-cadeaux\/nuit-menu\/","og_site_name":"Restaurant Hotel Duran","article_modified_time":"2025-02-17T17:15:26+00:00","og_image":[{"width":800,"height":600,"url":"https:\/\/restauranthotelduran.com\/wp-content\/uploads\/2020\/07\/Regal-Mitja-Pensio-1.png","type":"image\/png"}],"twitter_card":"summary_large_image","twitter_misc":{"Dur\u00e9e de lecture estim\u00e9e":"1 minute"},"schema":{"@context":"https:\/\/schema.org","@graph":[{"@type":"WebPage","@id":"https:\/\/restauranthotelduran.com\/fr\/magasin-de-bons-cadeaux\/nuit-menu\/","url":"https:\/\/restauranthotelduran.com\/fr\/magasin-de-bons-cadeaux\/nuit-menu\/","name":"Nuit \u00e0 l'H\u00f4tel Duran Hotel - Restaurant Hotel Duran","isPartOf":{"@id":"https:\/\/restauranthotelduran.com\/fr\/#website"},"primaryImageOfPage":{"@id":"https:\/\/restauranthotelduran.com\/fr\/magasin-de-bons-cadeaux\/nuit-menu\/#primaryimage"},"image":{"@id":"https:\/\/restauranthotelduran.com\/fr\/magasin-de-bons-cadeaux\/nuit-menu\/#primaryimage"},"thumbnailUrl":"https:\/\/restauranthotelduran.com\/wp-content\/uploads\/2020\/07\/Regal-Mitja-Pensio-1.png","datePublished":"2020-07-29T10:17:17+00:00","dateModified":"2025-02-17T17:15:26+00:00","breadcrumb":{"@id":"https:\/\/restauranthotelduran.com\/fr\/magasin-de-bons-cadeaux\/nuit-menu\/#breadcrumb"},"inLanguage":"fr-FR","potentialAction":[{"@type":"ReadAction","target":["https:\/\/restauranthotelduran.com\/fr\/magasin-de-bons-cadeaux\/nuit-menu\/"]}]},{"@type":"ImageObject","inLanguage":"fr-FR","@id":"https:\/\/restauranthotelduran.com\/fr\/magasin-de-bons-cadeaux\/nuit-menu\/#primaryimage","url":"https:\/\/restauranthotelduran.com\/wp-content\/uploads\/2020\/07\/Regal-Mitja-Pensio-1.png","contentUrl":"https:\/\/restauranthotelduran.com\/wp-content\/uploads\/2020\/07\/Regal-Mitja-Pensio-1.png","width":800,"height":600},{"@type":"BreadcrumbList","@id":"https:\/\/restauranthotelduran.com\/fr\/magasin-de-bons-cadeaux\/nuit-menu\/#breadcrumb","itemListElement":[{"@type":"ListItem","position":1,"name":"Portada","item":"https:\/\/restauranthotelduran.com\/fr\/"},{"@type":"ListItem","position":2,"name":"Magasin de bons cadeaux","item":"https:\/\/restauranthotelduran.com\/fr\/magasin-de-bons-cadeaux\/"},{"@type":"ListItem","position":3,"name":"Nuit \u00e0 l&#8217;H\u00f4tel Duran Hotel"}]},{"@type":"WebSite","@id":"https:\/\/restauranthotelduran.com\/fr\/#website","url":"https:\/\/restauranthotelduran.com\/fr\/","name":"Restaurant Hotel Duran","description":"Restauran Hotel Duran a Figueres","publisher":{"@id":"https:\/\/restauranthotelduran.com\/fr\/#organization"},"potentialAction":[{"@type":"SearchAction","target":{"@type":"EntryPoint","urlTemplate":"https:\/\/restauranthotelduran.com\/fr\/?s={search_term_string}"},"query-input":{"@type":"PropertyValueSpecification","valueRequired":true,"valueName":"search_term_string"}}],"inLanguage":"fr-FR"},{"@type":"Organization","@id":"https:\/\/restauranthotelduran.com\/fr\/#organization","name":"Restaurant Hotel Duran","url":"https:\/\/restauranthotelduran.com\/fr\/","logo":{"@type":"ImageObject","inLanguage":"fr-FR","@id":"https:\/\/restauranthotelduran.com\/fr\/#\/schema\/logo\/image\/","url":"https:\/\/restauranthotelduran.com\/wp-content\/uploads\/2024\/09\/logo_duran_menu.png","contentUrl":"https:\/\/restauranthotelduran.com\/wp-content\/uploads\/2024\/09\/logo_duran_menu.png","width":652,"height":306,"caption":"Restaurant Hotel Duran"},"image":{"@id":"https:\/\/restauranthotelduran.com\/fr\/#\/schema\/logo\/image\/"}}]}},"_links":{"self":[{"href":"https:\/\/restauranthotelduran.com\/fr\/wp-json\/wp\/v2\/product\/3333","targetHints":{"allow":["GET"]}}],"collection":[{"href":"https:\/\/restauranthotelduran.com\/fr\/wp-json\/wp\/v2\/product"}],"about":[{"href":"https:\/\/restauranthotelduran.com\/fr\/wp-json\/wp\/v2\/types\/product"}],"version-history":[{"count":4,"href":"https:\/\/restauranthotelduran.com\/fr\/wp-json\/wp\/v2\/product\/3333\/revisions"}],"predecessor-version":[{"id":13478,"href":"https:\/\/restauranthotelduran.com\/fr\/wp-json\/wp\/v2\/product\/3333\/revisions\/13478"}],"wp:featuredmedia":[{"embeddable":true,"href":"https:\/\/restauranthotelduran.com\/fr\/wp-json\/wp\/v2\/media\/13230"}],"wp:attachment":[{"href":"https:\/\/restauranthotelduran.com\/fr\/wp-json\/wp\/v2\/media?parent=3333"}],"wp:term":[{"taxonomy":"product_brand","embeddable":true,"href":"https:\/\/restauranthotelduran.com\/fr\/wp-json\/wp\/v2\/product_brand?post=3333"},{"taxonomy":"product_cat","embeddable":true,"href":"https:\/\/restauranthotelduran.com\/fr\/wp-json\/wp\/v2\/product_cat?post=3333"},{"taxonomy":"product_tag","embeddable":true,"href":"https:\/\/restauranthotelduran.com\/fr\/wp-json\/wp\/v2\/product_tag?post=3333"},{"taxonomy":"giftcard-category","embeddable":true,"href":"https:\/\/restauranthotelduran.com\/fr\/wp-json\/wp\/v2\/giftcard-category?post=3333"}],"curies":[{"name":"wp","href":"https:\/\/api.w.org\/{rel}","templated":true}]}}